{"id":1086,"date":"2022-07-22T15:32:12","date_gmt":"2022-07-22T13:32:12","guid":{"rendered":"https:\/\/keroderm.com\/?page_id=1086"},"modified":"2026-01-28T10:46:49","modified_gmt":"2026-01-28T09:46:49","slug":"downloads","status":"publish","type":"page","link":"https:\/\/keroderm.com\/fr\/downloads\/","title":{"rendered":"Downloads"},"content":{"rendered":"\r\n<div class=\"wp-block-genesis-blocks-gb-columns gb-slate-section-accordion-and-text gb-slate-section-text-accordion gb-layout-columns-1 gb-1-col-equal gb-has-custom-background-color gb-has-custom-text-color gb-columns-center alignfull\" style=\"background-color: #ffffff; color: #1f1f1f; padding: 3em 1em 6em 1em;\">\r\n<div class=\"gb-layout-column-wrap gb-block-layout-column-gap-4 gb-is-responsive-column\" style=\"max-width: 1200px;\">\r\n<div class=\"wp-block-genesis-blocks-gb-column gb-block-layout-column\">\r\n<div class=\"gb-block-layout-column-inner\">\r\n<div class=\"wp-block-spacer\" style=\"height: 30px;\" aria-hidden=\"true\">\u00a0<\/div>\r\n\r\n\r\n\r\n<div class=\"wp-block-genesis-blocks-gb-columns gb-layout-columns-2 gb-2-col-equal\">\r\n<div class=\"gb-layout-column-wrap gb-block-layout-column-gap-2 gb-is-responsive-column\">\r\n<div class=\"wp-block-genesis-blocks-gb-column gb-block-layout-column\">\r\n<div class=\"gb-block-layout-column-inner\">\r\n<h1 class=\"has-xxxxl-font-size wp-block-heading\">Downloads<\/h1>\r\n\r\n\r\n\r\n<p>Nous mettons volontiers \u00e0 votre disposition tous les documents actuels disponibles sous forme de t\u00e9l\u00e9chargement dans les formats de fichiers correspondants. Si vous avez besoin de documents ou d&rsquo;informations suppl\u00e9mentaires, n&rsquo;h\u00e9sitez pas \u00e0 prendre contact avec nous.<\/p>\r\n<\/div>\r\n<\/div>\r\n\r\n\r\n\r\n<div class=\"wp-block-genesis-blocks-gb-column gb-block-layout-column\">\r\n<div class=\"gb-block-layout-column-inner\">\r\n<div class=\"wp-block-genesis-blocks-gb-columns gb-layout-columns-2 gb-2-col-equal\">\r\n<div class=\"gb-layout-column-wrap gb-block-layout-column-gap-0 gb-is-responsive-column\">\r\n<div class=\"wp-block-genesis-blocks-gb-column gb-block-layout-column gb-is-vertically-aligned-center\">\r\n<div class=\"gb-block-layout-column-inner\">\r\n<p><strong>Description du produit<\/strong><br \/>Description du produit PDF<\/p>\r\n<\/div>\r\n<\/div>\r\n\r\n\r\n\r\n<div class=\"wp-block-genesis-blocks-gb-column gb-block-layout-column gb-is-vertically-aligned-center\">\r\n<div class=\"gb-block-layout-column-inner\">\r\n<div class=\"wp-block-buttons is-layout-flex wp-block-buttons-is-layout-flex\">\r\n<div class=\"wp-block-button--1\"><a class=\"wp-block-button__link button button-outline wp-element-button\" href=\"https:\/\/keroderm.com\/wp-content\/uploads\/2026\/01\/FR_Flyer_Produktinfo_Keroderm_2026-1.pdf\" target=\"_blank\" rel=\"noreferrer noopener\">T\u00e9l\u00e9charger<\/a><\/div>\r\n<\/div>\r\n<\/div>\r\n<\/div>\r\n<\/div>\r\n<\/div>\r\n\r\n\r\n\r\n<div class=\"wp-block-spacer\" style=\"height: 20px;\" aria-hidden=\"true\">\u00a0<\/div>\r\n\r\n\r\n\r\n<div class=\"wp-block-genesis-blocks-gb-columns gb-layout-columns-2 gb-2-col-equal\">\r\n<div class=\"gb-layout-column-wrap gb-block-layout-column-gap-0 gb-is-responsive-column\">\r\n<div class=\"wp-block-genesis-blocks-gb-column gb-block-layout-column gb-is-vertically-aligned-center\">\r\n<div class=\"gb-block-layout-column-inner\">\r\n<p><strong>Fiche de donn\u00e9es de s\u00e9curit\u00e9<\/strong><br \/>Fiche de donn\u00e9es de s\u00e9curit\u00e9 PDF<\/p>\r\n<\/div>\r\n<\/div>\r\n\r\n\r\n\r\n<div class=\"wp-block-genesis-blocks-gb-column gb-block-layout-column gb-is-vertically-aligned-center\">\r\n<div class=\"gb-block-layout-column-inner\">\r\n<div class=\"wp-block-buttons is-layout-flex wp-block-buttons-is-layout-flex\">\r\n<div class=\"wp-block-button--2\"><a class=\"wp-block-button__link button button-outline wp-element-button\" href=\"https:\/\/keroderm.com\/wp-content\/uploads\/2026\/01\/FR_Keroderm_Fiche-de-donnees-de-securite_2026.pdf\" target=\"_blank\" rel=\"noreferrer noopener\">T\u00e9l\u00e9charger<\/a><\/div>\r\n<\/div>\r\n<\/div>\r\n<\/div>\r\n<\/div>\r\n<\/div>\r\n\r\n\r\n\r\n<div class=\"wp-block-spacer\" style=\"height: 20px;\" aria-hidden=\"true\">\u00a0<\/div>\r\n\r\n\r\n\r\n<div class=\"wp-block-genesis-blocks-gb-columns gb-layout-columns-2 gb-2-col-equal\">\r\n<div class=\"gb-layout-column-wrap gb-block-layout-column-gap-0 gb-is-responsive-column\">\r\n<div class=\"wp-block-genesis-blocks-gb-column gb-block-layout-column gb-is-vertically-aligned-center\">\r\n<div class=\"gb-block-layout-column-inner\">\r\n<p><strong>Zones d&rsquo;application<\/strong><br \/>Zones d&rsquo;application PDF<\/p>\r\n<\/div>\r\n<\/div>\r\n\r\n\r\n\r\n<div class=\"wp-block-genesis-blocks-gb-column gb-block-layout-column gb-is-vertically-aligned-center\">\r\n<div class=\"gb-block-layout-column-inner\">\r\n<div class=\"wp-block-buttons is-layout-flex wp-block-buttons-is-layout-flex\">\r\n<div class=\"wp-block-button--3\"><a class=\"wp-block-button__link button button-outline wp-element-button\" href=\"https:\/\/keroderm.com\/wp-content\/uploads\/2023\/02\/FR_Zones-dapplication.pdf\" target=\"_blank\" rel=\"noreferrer noopener\">T\u00e9l\u00e9charger<\/a><\/div>\r\n<\/div>\r\n<\/div>\r\n<\/div>\r\n<\/div>\r\n<\/div>\r\n\r\n\r\n\r\n<div class=\"wp-block-spacer\" style=\"height: 20px;\" aria-hidden=\"true\">\u00a0<\/div>\r\n\r\n\r\n\r\n<div class=\"wp-block-genesis-blocks-gb-columns gb-layout-columns-2 gb-2-col-equal\">\r\n<div class=\"gb-layout-column-wrap gb-block-layout-column-gap-0 gb-is-responsive-column\">\r\n<div class=\"wp-block-genesis-blocks-gb-column gb-block-layout-column gb-is-vertically-aligned-center\">\r\n<div class=\"gb-block-layout-column-inner\">\r\n<p><strong>Photos<\/strong><br \/>Tube JPG<\/p>\r\n<\/div>\r\n<\/div>\r\n\r\n\r\n\r\n<div class=\"wp-block-genesis-blocks-gb-column gb-block-layout-column gb-is-vertically-aligned-center\">\r\n<div class=\"gb-block-layout-column-inner\">\r\n<div class=\"wp-block-buttons is-layout-flex wp-block-buttons-is-layout-flex\">\r\n<div class=\"wp-block-button--4\"><a class=\"wp-block-button__link button button-outline wp-element-button\" href=\"https:\/\/keroderm.com\/wp-content\/uploads\/2023\/02\/DE_EN_FR_IT_Tube.jpg\" target=\"_blank\" rel=\"noreferrer noopener\">T\u00e9l\u00e9charger<\/a><\/div>\r\n<\/div>\r\n<\/div>\r\n<\/div>\r\n<\/div>\r\n<\/div>\r\n\r\n\r\n\r\n<div class=\"wp-block-genesis-blocks-gb-columns gb-layout-columns-2 gb-2-col-equal\">\r\n<div class=\"gb-layout-column-wrap gb-block-layout-column-gap-0 gb-is-responsive-column\">\r\n<div class=\"wp-block-genesis-blocks-gb-column gb-block-layout-column gb-is-vertically-aligned-center\">\r\n<div class=\"gb-block-layout-column-inner\">\r\n<p>Tube TIF<\/p>\r\n<\/div>\r\n<\/div>\r\n\r\n\r\n\r\n<div class=\"wp-block-genesis-blocks-gb-column gb-block-layout-column gb-is-vertically-aligned-center\">\r\n<div class=\"gb-block-layout-column-inner\">\r\n<div class=\"wp-block-buttons is-layout-flex wp-block-buttons-is-layout-flex\">\r\n<div class=\"wp-block-button--5\"><a class=\"wp-block-button__link button button-outline wp-element-button\" href=\"https:\/\/keroderm.com\/wp-content\/uploads\/2023\/02\/DE_EN_FR_IT_Tube.tiff\" target=\"_blank\" rel=\"noreferrer noopener\">T\u00e9l\u00e9charger<\/a><\/div>\r\n<\/div>\r\n<\/div>\r\n<\/div>\r\n<\/div>\r\n<\/div>\r\n\r\n\r\n\r\n<div class=\"wp-block-spacer\" style=\"height: 20px;\" aria-hidden=\"true\">\u00a0<\/div>\r\n\r\n\r\n\r\n<div class=\"wp-block-genesis-blocks-gb-columns gb-layout-columns-2 gb-2-col-equal\">\r\n<div class=\"gb-layout-column-wrap gb-block-layout-column-gap-0 gb-is-responsive-column\">\r\n<div class=\"wp-block-genesis-blocks-gb-column gb-block-layout-column gb-is-vertically-aligned-center\">\r\n<div class=\"gb-block-layout-column-inner\">\r\n<p><strong>Logo<\/strong><br \/>Keroderm-Logo JPG<\/p>\r\n<\/div>\r\n<\/div>\r\n\r\n\r\n\r\n<div class=\"wp-block-genesis-blocks-gb-column gb-block-layout-column gb-is-vertically-aligned-center\">\r\n<div class=\"gb-block-layout-column-inner\">\r\n<div class=\"wp-block-buttons is-layout-flex wp-block-buttons-is-layout-flex\">\r\n<div class=\"wp-block-button--6\"><a class=\"wp-block-button__link button button-outline wp-element-button\" href=\"https:\/\/keroderm.com\/wp-content\/uploads\/2023\/02\/DE_EN_FR_IT_Logo.jpg\" target=\"_blank\" rel=\"noreferrer noopener\">T\u00e9l\u00e9charger<\/a><\/div>\r\n<\/div>\r\n<\/div>\r\n<\/div>\r\n<\/div>\r\n<\/div>\r\n<\/div>\r\n<\/div>\r\n<\/div>\r\n<\/div>\r\n<\/div>\r\n<\/div>\r\n<\/div>\r\n<\/div>\r\n","protected":false},"excerpt":{"rendered":"","protected":false},"author":3,"featured_media":0,"parent":0,"menu_order":0,"comment_status":"closed","ping_status":"closed","template":"","meta":{"_acf_changed":false,"inline_featured_image":false,"_genesis_hide_title":false,"_genesis_hide_breadcrumbs":false,"_genesis_hide_singular_image":false,"_genesis_hide_footer_widgets":false,"_genesis_custom_body_class":"","_genesis_custom_post_class":"","_genesis_layout":"","footnotes":""},"class_list":{"1":"page","2":"type-page","5":"entry"},"featured_image_src":null,"featured_image_src_square":null,"acf":[],"_links":{"self":[{"href":"https:\/\/keroderm.com\/fr\/wp-json\/wp\/v2\/pages\/1086","targetHints":{"allow":["GET"]}}],"collection":[{"href":"https:\/\/keroderm.com\/fr\/wp-json\/wp\/v2\/pages"}],"about":[{"href":"https:\/\/keroderm.com\/fr\/wp-json\/wp\/v2\/types\/page"}],"author":[{"embeddable":true,"href":"https:\/\/keroderm.com\/fr\/wp-json\/wp\/v2\/users\/3"}],"replies":[{"embeddable":true,"href":"https:\/\/keroderm.com\/fr\/wp-json\/wp\/v2\/comments?post=1086"}],"version-history":[{"count":0,"href":"https:\/\/keroderm.com\/fr\/wp-json\/wp\/v2\/pages\/1086\/revisions"}],"wp:attachment":[{"href":"https:\/\/keroderm.com\/fr\/wp-json\/wp\/v2\/media?parent=1086"}],"curies":[{"name":"wp","href":"https:\/\/api.w.org\/{rel}","templated":true}]}}