{"id":1088,"date":"2022-07-22T13:34:15","date_gmt":"2022-07-22T11:34:15","guid":{"rendered":"https:\/\/keroderm.com\/?page_id=1088"},"modified":"2026-01-28T10:24:00","modified_gmt":"2026-01-28T09:24:00","slug":"description-du-produit","status":"publish","type":"page","link":"https:\/\/keroderm.com\/fr\/description-du-produit\/","title":{"rendered":"Description du produit"},"content":{"rendered":"\r\n<div class=\"wp-block-genesis-blocks-gb-columns gb-slate-section-accordion-and-text gb-slate-section-text-accordion gb-layout-columns-2 gb-2-col-equal gb-has-custom-background-color gb-has-custom-text-color gb-columns-center alignfull\" style=\"background-color: #ffffff; color: #1f1f1f; padding: 3em 1em 6em 1em;\">\r\n<div class=\"gb-layout-column-wrap gb-block-layout-column-gap-2 gb-is-responsive-column\" style=\"max-width: 1200px;\">\r\n<div class=\"wp-block-genesis-blocks-gb-column gb-block-layout-column\">\r\n<div class=\"gb-block-layout-column-inner\">\r\n<h1 class=\"has-xxxxl-font-size wp-block-heading\"><strong>Keroderm<sup>\u00ae<\/sup> Pommade r\u00e9g\u00e9n\u00e9ratrice<\/strong><\/h1>\r\n\r\n\r\n\r\n<p>Keroderm<sup>\u00ae<\/sup> convient au traitement des petites blessures superficielles. La pommade favorise la r\u00e9g\u00e9n\u00e9ration naturelle de la peau. Elle contient des substances soignantes et antibact\u00e9riennes et favorise le processus naturel de r\u00e9g\u00e9n\u00e9ration de la peau.<\/p>\r\n\r\n\r\n\r\n<h2 class=\"has-xxxxl-font-size wp-block-heading\"><strong>Application<\/strong><\/h2>\r\n\r\n\r\n\r\n<p>Nettoyer soigneusement les surfaces de peau affect\u00e9es et d\u00e9sinfectez si n\u00e9cessaire. Appliquer une ou plusieurs fois par jour, selon les besoins, une petite quantit\u00e9 de pommade sur les zones s\u00e8ches de la peau et les recouvrir, si n\u00e9cessaire, d&rsquo;un pansement ou d&rsquo;un bandage.<\/p>\r\n\r\n\r\n\r\n<div class=\"wp-block-buttons is-layout-flex wp-block-buttons-is-layout-flex\">\r\n<div class=\"wp-block-button--1\"><a class=\"wp-block-button__link button button-outline wp-element-button\" href=\"https:\/\/keroderm.com\/fr\/devenir-distributeur\/\">Devenir distributeur<\/a><\/div>\r\n<\/div>\r\n\r\n\r\n\r\n<div class=\"wp-block-spacer\" style=\"height: 30px;\" aria-hidden=\"true\">\u00a0<\/div>\r\n\r\n\r\n\r\n<div class=\"wp-block-genesis-blocks-gb-columns gb-layout-columns-1 gb-1-col-equal\">\r\n<div class=\"gb-layout-column-wrap gb-block-layout-column-gap-2 gb-is-responsive-column\">\r\n<div class=\"wp-block-genesis-blocks-gb-column gb-block-layout-column\">\r\n<div class=\"gb-block-layout-column-inner\">\r\n<p>&nbsp;<\/p>\r\n<\/div>\r\n<\/div>\r\n<\/div>\r\n<\/div>\r\n<\/div>\r\n<\/div>\r\n\r\n\r\n\r\n<div class=\"wp-block-genesis-blocks-gb-column gb-block-layout-column\">\r\n<div class=\"gb-block-layout-column-inner\">\r\n<div class=\"wp-block-spacer\" style=\"height: 40px;\" aria-hidden=\"true\">\u00a0<\/div>\r\n\r\n\r\n\r\n<div class=\"wp-block-genesis-blocks-gb-accordion gb-slate-accordion gpb-rounded-sm gb-block-accordion\"><details open=\"open\">\r\n<summary class=\"gb-accordion-title\"><em><strong>Qu&rsquo;est-ce que la Keroderm et quand est-elle utilis\u00e9e?<\/strong><\/em><\/summary>\r\n<div class=\"gb-accordion-text\">\r\n<p>Keroderm est une pommade qui favorise la formation naturelle de nouveaux tissus dans la peau et contient des substances antibact\u00e9riennes. Elle favorise le processus de r\u00e9g\u00e9n\u00e9ration naturel de la peau, a un effet nourrissant sur les peaux mise \u00e0 l\u2019\u00e9preuve et est principalement adapt\u00e9e pour une peau s\u00e8che, gerc\u00e9e et craquel\u00e9e. Keroderm peut \u00e9galement \u00eatre utilis\u00e9 comme soin lors de crevasses aux mains et aux l\u00e8vres.<\/p>\r\n<\/div>\r\n<\/details><\/div>\r\n\r\n\r\n\r\n<div class=\"wp-block-genesis-blocks-gb-accordion gb-slate-accordion gpb-rounded-sm gb-block-accordion\"><details open=\"open\">\r\n<summary class=\"gb-accordion-title\"><em><strong>Comment agit Keroderm<\/strong>?<\/em><\/summary>\r\n<div class=\"gb-accordion-text\">\r\n<p>La pommade se caract\u00e9rise par un une tr\u00e8s bonne formation de film protecteur et des propri\u00e9t\u00e9s hydratantes. Elle contient entre autres:<\/p>\r\n\r\n\r\n\r\n<ul class=\"wp-block-list\">\r\n<li><strong><strong>Oxide de zinc<\/strong><\/strong>: a un effet anti-inflammatoire et anti-irritant.<\/li>\r\n\r\n\r\n\r\n<li><strong><strong>Cholest\u00e9rol<\/strong><\/strong>: en tant que mol\u00e9cule grasse, il est un composant important des parois cellulaires et peut lier l&rsquo;humidit\u00e9 de la couche corn\u00e9e.<\/li>\r\n\r\n\r\n\r\n<li><strong><strong>Acide linol\u00e9ique<\/strong><\/strong>: nourrit, prot\u00e8ge et soigne la peau.<\/li>\r\n\r\n\r\n\r\n<li><strong><strong>Palmitate de r\u00e9tinyle<\/strong><\/strong>: est une vitamine A et contribue au renouvellement de la couche corn\u00e9e.<\/li>\r\n\r\n\r\n\r\n<li><strong>Cera Alba (cire d&rsquo;abeille)<\/strong>: c&rsquo;est une sorte de d\u00e9p\u00f4t d&rsquo;humidit\u00e9 qui permet \u00e0 la peau de rester souple.<\/li>\r\n<\/ul>\r\n<\/div>\r\n<\/details><\/div>\r\n\r\n\r\n\r\n<div class=\"wp-block-genesis-blocks-gb-accordion gb-slate-accordion gpb-rounded-sm gb-block-accordion\"><details open=\"open\">\r\n<summary class=\"gb-accordion-title\"><em><strong>Quand Keroderm ne doit-il pas \u00eatre utilis\u00e9?<\/strong><\/em><\/summary>\r\n<div class=\"gb-accordion-text\">\r\n<p>En cas d\u2019hypersensibilit\u00e9 \u00e0 un ou plusieurs des composants ou lors de r\u00e9actions d\u2019hypersensibilit\u00e9 li\u00e9es \u00e0 l\u2019utilisation de Keroderm.<\/p>\r\n<\/div>\r\n<\/details><\/div>\r\n\r\n\r\n\r\n<div class=\"wp-block-genesis-blocks-gb-accordion gb-slate-accordion gpb-rounded-sm gb-block-accordion\"><details open=\"open\">\r\n<summary class=\"gb-accordion-title\"><em><strong>De quoi faut-il \u00e9galement tenir compte?<\/strong><\/em><\/summary>\r\n<div class=\"gb-accordion-text\">\r\n<p>Uniquement destin\u00e9 \u00e0 l\u2019usage externe. Ne pas avaler. La pommade doit \u00eatre utilis\u00e9e dans les 6 mois suivant son ouverture. Conserver \u00e0 temp\u00e9rature ambiante (15\u201325\u00b0C). Des informations compl\u00e9mentaires sont disponibles via le code QR imprim\u00e9 sur l\u2019emballage. Pour de plus amples renseignements, consultez le producteur, votre pharmacien ou votre droguiste<\/p>\r\n<\/div>\r\n<\/details><\/div>\r\n\r\n\r\n\r\n<div class=\"wp-block-genesis-blocks-gb-accordion gb-slate-accordion gpb-rounded-sm gb-block-accordion\"><details open=\"open\">\r\n<summary class=\"gb-accordion-title\"><em><strong>Que contient Keroderm?<\/strong><\/em><\/summary>\r\n<div class=\"gb-accordion-text\">\r\n<p>Aqua, Paraffinum Liquidum, Lanolin, Zinc Oxide, Petrolatum, Cera Alba, Cetearyl Alcohol, Pentylene Glycol, Sorbitan Sesquioleate, Cholesterol, Linoleic Acid, Oleic Acid, Linolenic Acid, Retinyl Palmitate, Palmitic Acid, Stearic Acid, Tocopherol, Citric Acid, Sodium Benzoate, Potassium Sorbate, Parfum, Lavandula Oil\/Extract, Linalyl Acetate, Linalool, Camphor, Coumarin, Pinene, Beta-Caryophyllene, Limonene, Geranyl Acetate<\/p>\r\n<p>Contient de la vitamine A. Tenez compte de votre apport quotidien avant utilisation.<\/p>\r\n<\/div>\r\n<\/details><\/div>\r\n\r\n\r\n\r\n<div class=\"wp-block-genesis-blocks-gb-accordion gb-slate-accordion gpb-rounded-sm gb-block-accordion\"><details open=\"open\">\r\n<summary class=\"gb-accordion-title\"><em><strong>O\u00f9 obtenez-vous Keroderm<\/strong>?<\/em><\/summary>\r\n<div class=\"gb-accordion-text\">\r\n<p>Chez le producteur, en pharmacie et en droguerie ainsi que chez des partenaires commerciaux s\u00e9lectionn\u00e9s.<\/p>\r\n<\/div>\r\n<\/details><\/div>\r\n\r\n\r\n\r\n<div class=\"wp-block-genesis-blocks-gb-accordion gb-slate-accordion gpb-rounded-sm gb-block-accordion\"><details open=\"open\">\r\n<summary class=\"gb-accordion-title\"><em><strong>Quels sont les emballages \u00e0 disposition sur le march\u00e9?<\/strong><\/em><\/summary>\r\n<div class=\"gb-accordion-text\">\r\n<p>Emballages de 30 g<\/p>\r\n<\/div>\r\n<\/details><\/div>\r\n<\/div>\r\n<\/div>\r\n<\/div>\r\n<\/div>\r\n\r\n\r\n\r\n<p>&nbsp;<\/p>\r\n","protected":false},"excerpt":{"rendered":"<p>&nbsp;<\/p>\n","protected":false},"author":3,"featured_media":0,"parent":0,"menu_order":0,"comment_status":"closed","ping_status":"closed","template":"","meta":{"_acf_changed":false,"inline_featured_image":false,"_genesis_hide_title":false,"_genesis_hide_breadcrumbs":false,"_genesis_hide_singular_image":false,"_genesis_hide_footer_widgets":false,"_genesis_custom_body_class":"","_genesis_custom_post_class":"","_genesis_layout":"","footnotes":""},"class_list":{"1":"page","2":"type-page","5":"entry"},"featured_image_src":null,"featured_image_src_square":null,"acf":[],"_links":{"self":[{"href":"https:\/\/keroderm.com\/fr\/wp-json\/wp\/v2\/pages\/1088","targetHints":{"allow":["GET"]}}],"collection":[{"href":"https:\/\/keroderm.com\/fr\/wp-json\/wp\/v2\/pages"}],"about":[{"href":"https:\/\/keroderm.com\/fr\/wp-json\/wp\/v2\/types\/page"}],"author":[{"embeddable":true,"href":"https:\/\/keroderm.com\/fr\/wp-json\/wp\/v2\/users\/3"}],"replies":[{"embeddable":true,"href":"https:\/\/keroderm.com\/fr\/wp-json\/wp\/v2\/comments?post=1088"}],"version-history":[{"count":0,"href":"https:\/\/keroderm.com\/fr\/wp-json\/wp\/v2\/pages\/1088\/revisions"}],"wp:attachment":[{"href":"https:\/\/keroderm.com\/fr\/wp-json\/wp\/v2\/media?parent=1088"}],"curies":[{"name":"wp","href":"https:\/\/api.w.org\/{rel}","templated":true}]}}