{"id":1092,"date":"2020-04-27T04:48:26","date_gmt":"2020-04-27T02:48:26","guid":{"rendered":"https:\/\/keroderm.com\/?page_id=1092"},"modified":"2026-01-28T09:50:32","modified_gmt":"2026-01-28T08:50:32","slug":"keroderm-page-daccueil","status":"publish","type":"page","link":"https:\/\/keroderm.com\/fr\/","title":{"rendered":"KERODERM &#8211; Page d&rsquo;accueil"},"content":{"rendered":"\r\n<div class=\"wp-block-group alignfull has-alt-background-color has-background has-light-background has-md-padding-top has-xs-padding-bottom\"><div class=\"wp-block-group__inner-container is-layout-flow wp-block-group-is-layout-flow\">\r\n<div class=\"wp-block-genesis-blocks-gb-columns gb-layout-columns-2 gb-2-col-equal\">\r\n<div class=\"gb-layout-column-wrap gb-block-layout-column-gap-0 gb-is-responsive-column\">\r\n<div class=\"wp-block-genesis-blocks-gb-column gb-block-layout-column\">\r\n<div class=\"gb-block-layout-column-inner\">\r\n<h1 class=\"has-xxxxl-font-size wp-block-heading has-no-margin-top has-sm-margin-bottom\"><strong>KERODERM<sup>\u00ae<\/sup> Pommade r\u00e9g\u00e9n\u00e9ratrice<\/strong><\/h1>\r\n\r\n\r\n\r\n<h2 class=\"has-xxl-font-size wp-block-heading has-sm-margin-top has-sm-margin-bottom\">Aide en cas de petites blessures superficielles.<\/h2>\r\n\r\n\r\n\r\n<p>Keroderm<sup>\u00ae<\/sup> est une pommade r\u00e9g\u00e9n\u00e9ratrice qui se caract\u00e9rise par la formation d&rsquo;un film protecteur extr\u00eamement efficace et des propri\u00e9t\u00e9s hydratantes durables. Des agents bact\u00e9riostatiques et tissulaires \u00e9prouv\u00e9s soutiennent la capacit\u00e9 de r\u00e9g\u00e9n\u00e9ration naturelle de la peau et aident \u00e0 traiter les petites blessures superficielles.<\/p>\r\n\r\n\r\n\r\n<div class=\"wp-block-buttons is-horizontal is-layout-flex wp-block-buttons-is-layout-flex\">\r\n<div class=\"wp-block-button is-style-fill--1\"><a class=\"wp-block-button__link button button-outline wp-element-button\" href=\"https:\/\/keroderm.com\/fr\/devenir-distributeur\/\">Devenir distributeur<\/a><\/div>\r\n\r\n\r\n\r\n<div class=\"wp-block-button is-style-default\" style=\"--button-background:var(--color-primary);--button-background-hover:#b30021;\"><a class=\"wp-block-button__link button   wp-element-button\" href=\"https:\/\/keroderm.com\/fr\/description-du-produit\/\">En savoir plus<\/a><\/div>\r\n\n<\/div>\r\n<\/div>\r\n<\/div>\r\n\r\n\r\n\r\n<div class=\"wp-block-genesis-blocks-gb-column gb-block-layout-column\">\r\n<div class=\"gb-block-layout-column-inner\"><div class=\"wp-block-image\">\r\n<figure class=\"alignright size-large has--lg-margin-top has-xl-margin-right has--xxl-margin-bottom has--xxxxl-margin-left\"><img loading=\"lazy\" decoding=\"async\" width=\"1024\" height=\"896\" class=\"wp-image-919\" src=\"https:\/\/keroderm.com\/wp-content\/uploads\/2023\/01\/keroderm-tube-v2-1024x896.png\" alt=\"\" srcset=\"https:\/\/keroderm.com\/wp-content\/uploads\/2023\/01\/keroderm-tube-v2-300x263.png 300w, https:\/\/keroderm.com\/wp-content\/uploads\/2023\/01\/keroderm-tube-v2-768x672.png 768w, https:\/\/keroderm.com\/wp-content\/uploads\/2023\/01\/keroderm-tube-v2-1024x896.png 1024w, https:\/\/keroderm.com\/wp-content\/uploads\/2023\/01\/keroderm-tube-v2-1536x1345.png 1536w, https:\/\/keroderm.com\/wp-content\/uploads\/2023\/01\/keroderm-tube-v2-2048x1793.png 2048w\" sizes=\"auto, (max-width: 1024px) 100vw, 1024px\" \/><\/figure>\r\n<\/div><\/div>\r\n<\/div>\r\n<\/div>\r\n<\/div>\r\n<\/div><\/div>\r\n\n\r\n\r\n<div class=\"block-divider alignfull full\" style=\"background-color: #f7f8fa;line-height: 0;\"><svg viewBox=\"0 0 1000 120\" fill=\"currentColor\" style=\"fill: green;\" xmlns=\"http:\/\/www.w3.org\/2000\/svg\">\r\n    <path d=\"M 1002.554 120 L 2 120 C 535.596 120 869.18 79.815 1002.554 -0.554 L 1002.554 120 Z\" style=\"fill: rgb(215, 38, 26);\"\/>\r\n    <path d=\"M 1002.892 120.769 L 2.892 120.769 C 536.192 120.769 869.592 98.877 1002.892 55.093 L 1002.892 120.769 Z\" style=\"fill: rgb(225, 195, 48);\"\/>\r\n    <path d=\"M 1002.924 123.241 L 3.478 123.241 C 536.482 123.241 869.698 104.86 1002.924 68.097 L 1002.924 123.241 Z\" style=\"fill: rgb(218, 211, 131);\"\/>\r\n<\/svg>\r\n<\/div>\r\n\r\n\r\n<div class=\"wp-block-genesis-blocks-gb-container alignfull gb-block-container\" style=\"background-color: #f7f8fa;\">\r\n<div class=\"gb-container-inside\">\r\n<div class=\"gb-container-content\">\u00a0<\/div>\r\n<\/div>\r\n<\/div>\r\n\r\n\r\n\r\n<div class=\"wp-block-genesis-blocks-gb-columns gb-slate-section-image-and-text-columns gb-slate-image-text-columns gb-layout-columns-1 one-column gb-has-custom-background-color gb-columns-center alignfull has-links-color\" style=\"background-color: #dad383; padding: 5em 1em 2em 1em;\">\r\n<div class=\"gb-layout-column-wrap gb-block-layout-column-gap-2 gb-is-responsive-column\" style=\"max-width: 1200px;\">\r\n<div class=\"wp-block-genesis-blocks-gb-column gb-block-layout-column\">\r\n<div class=\"gb-block-layout-column-inner\">\r\n<h2 class=\"has-text-align-center is-style-subheading has-heading-color has-text-color has-xxxxl-font-size wp-block-heading\">DOMAINES D&rsquo;APPLICATION<\/h2>\r\n\r\n\r\n\r\n<div class=\"wp-block-spacer\" style=\"height: 20px;\" aria-hidden=\"true\">\u00a0<\/div>\r\n\r\n\r\n\r\n<div class=\"wp-block-genesis-blocks-gb-columns gb-layout-columns-3 gb-3-col-equal\">\r\n<div class=\"gb-layout-column-wrap gb-block-layout-column-gap-3 gb-is-responsive-column\">\r\n<div class=\"wp-block-genesis-blocks-gb-column gb-block-layout-column\">\r\n<div class=\"gb-block-layout-column-inner\">\r\n<div class=\"wp-block-spacer\" style=\"height: 30px;\" aria-hidden=\"true\">\u00a0<\/div>\r\n\r\n\r\n<div class=\"wp-block-image\">\r\n<figure class=\"aligncenter size-large is-resized\"><img loading=\"lazy\" decoding=\"async\" class=\"wp-image-775\" src=\"https:\/\/keroderm.com\/wp-content\/uploads\/2022\/08\/wunden-keroderm-b.svg\" alt=\"\" width=\"85\" height=\"75\" \/><\/figure>\r\n<\/div>\r\n\r\n\r\n<div class=\"wp-block-spacer\" style=\"height: 20px;\" aria-hidden=\"true\">\u00a0<\/div>\r\n\r\n\r\n<style>.gb-69e626b930f3c{font-size: xxl;}@media only screen and (max-width: 1200px) {.gb-69e626b930f3c{font-size: lg!important;}}@media only screen and (max-width: 600px) {.gb-69e626b930f3c{}}<\/style>\r\n<h3 class=\"gb-69e626b930f3c has-text-align-center is-style-subheading has-heading-color has-text-color has-xxl-font-size wp-block-heading\">BLESSURES<\/h3>\r\n\r\n\r\n\r\n<div class=\"wp-block-spacer\" style=\"height: 20px;\" aria-hidden=\"true\">\u00a0<\/div>\r\n\r\n\r\n\r\n<p class=\"has-text-align-center has-heading-color has-text-color\">Une plaie est d\u00e9finie comme une l\u00e9sion superficielle, une destruction ou une section de la peau et des tissus sous-jacents. Les plaies sont g\u00e9n\u00e9ralement dues \u00e0 une violence m\u00e9canique, \u00e0 des causes thermiques, chimiques ou li\u00e9es \u00e0 des maladies. Afin d&rsquo;\u00e9viter des l\u00e9sions plus \u00e9tendues, les plaies doivent \u00eatre trait\u00e9es le plus rapidement possible.<\/p>\r\n\r\n\r\n\r\n<div class=\"wp-block-spacer\" style=\"height: 20px;\" aria-hidden=\"true\">\u00a0<\/div>\r\n\r\n\r\n\r\n<div class=\"wp-block-buttons is-content-justification-center is-layout-flex wp-container-core-buttons-is-layout-16018d1d wp-block-buttons-is-layout-flex\">\r\n<div class=\"wp-block-button--2\" style=\"--button-outline-color:var(--color-heading);\"><a class=\"wp-block-button__link button button-outline   wp-element-button\" href=\"https:\/\/keroderm.com\/fr\/blessures\/\">En savoir plus<\/a><\/div>\r\n\n<\/div>\r\n<\/div>\r\n<\/div>\r\n\r\n\r\n\r\n<div class=\"wp-block-genesis-blocks-gb-column gb-block-layout-column\">\r\n<div class=\"gb-block-layout-column-inner\">\r\n<div class=\"wp-block-spacer\" style=\"height: 30px;\" aria-hidden=\"true\">\u00a0<\/div>\r\n\r\n\r\n<div class=\"wp-block-image\">\r\n<figure class=\"aligncenter size-large is-resized\"><img loading=\"lazy\" decoding=\"async\" class=\"wp-image-774\" src=\"https:\/\/keroderm.com\/wp-content\/uploads\/2022\/08\/anwendung-keroderm-b.svg\" alt=\"\" width=\"75\" height=\"75\" \/><\/figure>\r\n<\/div>\r\n\r\n\r\n<div class=\"wp-block-spacer\" style=\"height: 20px;\" aria-hidden=\"true\">\u00a0<\/div>\r\n\r\n\r\n<style>.gb-69e626ba65380{font-size: xxl;}@media only screen and (max-width: 1200px) {.gb-69e626ba65380{font-size: lg!important;}}<\/style>\r\n<h3 class=\"gb-69e626ba65380 has-text-align-center is-style-subheading has-heading-color has-text-color has-xxl-font-size wp-block-heading\">IRRITATIONS CUTAN\u00c9ES<\/h3>\r\n\r\n\r\n\r\n<div class=\"wp-block-spacer\" style=\"height: 20px;\" aria-hidden=\"true\">\u00a0<\/div>\r\n\r\n\r\n\r\n<p class=\"has-text-align-center has-heading-color has-text-color\">Une barri\u00e8re protectrice cutan\u00e9e d\u00e9s\u00e9quilibr\u00e9e par des circonstances externes et\/ou internes peut provoquer des irritations de la peau. Les causes et les sympt\u00f4mes de ces irritations sont toutefois tr\u00e8s diff\u00e9rents et vari\u00e9s. Afin d&rsquo;\u00e9viter des dommages chroniques, m\u00eame les petites irritations cutan\u00e9es doivent \u00eatre prises au s\u00e9rieux et trait\u00e9es le plus rapidement possible.<\/p>\r\n\r\n\r\n\r\n<div class=\"wp-block-spacer\" style=\"height: 20px;\" aria-hidden=\"true\">\u00a0<\/div>\r\n\r\n\r\n\r\n<div class=\"wp-block-buttons is-content-justification-center is-layout-flex wp-container-core-buttons-is-layout-16018d1d wp-block-buttons-is-layout-flex\">\r\n<div class=\"wp-block-button--3\" style=\"--button-outline-color:var(--color-heading);\"><a class=\"wp-block-button__link button button-outline   wp-element-button\" href=\"https:\/\/keroderm.com\/fr\/irritations-cutanees\/\">En savoir plus<\/a><\/div>\r\n\n<\/div>\r\n<\/div>\r\n<\/div>\r\n\r\n\r\n\r\n<div class=\"wp-block-genesis-blocks-gb-column gb-block-layout-column\">\r\n<div class=\"gb-block-layout-column-inner\">\r\n<div class=\"wp-block-spacer\" style=\"height: 30px;\" aria-hidden=\"true\">\u00a0<\/div>\r\n\r\n\r\n<div class=\"wp-block-image\">\r\n<figure class=\"aligncenter size-large is-resized\"><img loading=\"lazy\" decoding=\"async\" class=\"wp-image-776\" src=\"https:\/\/keroderm.com\/wp-content\/uploads\/2022\/08\/hautirritationen-keroderm-b.svg\" alt=\"\" width=\"75\" height=\"75\" \/><\/figure>\r\n<\/div>\r\n\r\n\r\n<div class=\"wp-block-spacer\" style=\"height: 20px;\" aria-hidden=\"true\">\u00a0<\/div>\r\n\r\n\r\n<style>.gb-69e626bb09b4e{font-size: xxl;}@media only screen and (max-width: 1200px) {.gb-69e626bb09b4e{font-size: lg!important;}}<\/style>\r\n<h3 class=\"gb-69e626bb09b4e has-text-align-center is-style-subheading has-heading-color has-text-color has-xxl-font-size wp-block-heading\">APPLICATION<\/h3>\r\n\r\n\r\n\r\n<div class=\"wp-block-spacer\" style=\"height: 20px;\" aria-hidden=\"true\">\u00a0<\/div>\r\n\r\n\r\n\r\n<p class=\"has-text-align-center has-heading-color has-text-color\">Keroderm<sup>\u00ae<\/sup> convient au traitement des petites blessures superficielles. Elle contient des substances soignantes et antibact\u00e9riennes qui soutiennent la capacit\u00e9 de r\u00e9g\u00e9n\u00e9ration naturelle de la peau. La pommade peut \u00eatre appliqu\u00e9e une ou plusieurs fois par jour sur les zones cutan\u00e9es affect\u00e9es. Elle apporte une aide cibl\u00e9e et est extr\u00eamement \u00e9conomique \u00e0 l&rsquo;usage.<\/p>\r\n\r\n\r\n\r\n<div class=\"wp-block-spacer\" style=\"height: 20px;\" aria-hidden=\"true\">\u00a0<\/div>\r\n\r\n\r\n\r\n<div class=\"wp-block-buttons is-content-justification-center is-layout-flex wp-container-core-buttons-is-layout-16018d1d wp-block-buttons-is-layout-flex\">\r\n<div class=\"wp-block-button--4\" style=\"--button-outline-color:var(--color-heading);\"><a class=\"wp-block-button__link button button-outline   wp-element-button\" href=\"https:\/\/keroderm.com\/fr\/description-du-produit\/\">En savoir plus<\/a><\/div>\r\n\n<\/div>\r\n<\/div>\r\n<\/div>\r\n<\/div>\r\n<\/div>\r\n\r\n\r\n\r\n<div class=\"wp-block-spacer\" style=\"height: 120px;\" aria-hidden=\"true\">\u00a0<\/div>\r\n<\/div>\r\n<\/div>\r\n<\/div>\r\n<\/div>\r\n","protected":false},"excerpt":{"rendered":"","protected":false},"author":3,"featured_media":0,"parent":0,"menu_order":0,"comment_status":"closed","ping_status":"closed","template":"","meta":{"_acf_changed":false,"inline_featured_image":false,"_genesis_hide_title":false,"_genesis_hide_breadcrumbs":false,"_genesis_hide_singular_image":false,"_genesis_hide_footer_widgets":false,"_genesis_custom_body_class":"","_genesis_custom_post_class":"","_genesis_layout":"wide-content","footnotes":""},"class_list":{"1":"page","2":"type-page","5":"entry"},"featured_image_src":null,"featured_image_src_square":null,"acf":[],"_links":{"self":[{"href":"https:\/\/keroderm.com\/fr\/wp-json\/wp\/v2\/pages\/1092","targetHints":{"allow":["GET"]}}],"collection":[{"href":"https:\/\/keroderm.com\/fr\/wp-json\/wp\/v2\/pages"}],"about":[{"href":"https:\/\/keroderm.com\/fr\/wp-json\/wp\/v2\/types\/page"}],"author":[{"embeddable":true,"href":"https:\/\/keroderm.com\/fr\/wp-json\/wp\/v2\/users\/3"}],"replies":[{"embeddable":true,"href":"https:\/\/keroderm.com\/fr\/wp-json\/wp\/v2\/comments?post=1092"}],"version-history":[{"count":0,"href":"https:\/\/keroderm.com\/fr\/wp-json\/wp\/v2\/pages\/1092\/revisions"}],"wp:attachment":[{"href":"https:\/\/keroderm.com\/fr\/wp-json\/wp\/v2\/media?parent=1092"}],"curies":[{"name":"wp","href":"https:\/\/api.w.org\/{rel}","templated":true}]}}