{"id":1093,"date":"2022-08-11T11:53:18","date_gmt":"2022-08-11T09:53:18","guid":{"rendered":"https:\/\/keroderm.com\/?page_id=1093"},"modified":"2026-01-28T14:21:59","modified_gmt":"2026-01-28T13:21:59","slug":"mentions-legales","status":"publish","type":"page","link":"https:\/\/keroderm.com\/fr\/mentions-legales\/","title":{"rendered":"Mentions l\u00e9gales"},"content":{"rendered":"\r\n<div class=\"wp-block-genesis-blocks-gb-columns gb-slate-section-accordion-and-text gb-slate-section-text-accordion gb-layout-columns-1 gb-1-col-equal gb-has-custom-background-color gb-has-custom-text-color gb-columns-center alignfull\" style=\"background-color: #ffffff; color: #1f1f1f; padding: 3em 1em 6em 1em;\">\r\n<div class=\"gb-layout-column-wrap gb-block-layout-column-gap-2 gb-is-responsive-column\" style=\"max-width: 1200px;\">\r\n<div class=\"wp-block-genesis-blocks-gb-column gb-block-layout-column\">\r\n<div class=\"gb-block-layout-column-inner\">\r\n<h1 class=\"wp-block-heading\">Mentions l\u00e9gales<\/h1>\r\n\r\n\r\n\r\n<p><strong>Responsable du contenu :<\/strong><\/p>\r\n\r\n\r\n\r\n<p>Turimed SA<br \/>Industriestrasse 19<br \/>CH-8304 Wallisellen<\/p>\r\n\r\n\r\n\r\n<p>Directeur g\u00e9n\u00e9ral: Ralph Pavelka<\/p>\r\n\r\n\r\n\r\n<p><strong>Schweiz:<\/strong><\/p>\r\n\r\n\r\n\r\n<p>No d&rsquo;entreprise: CH-020.3.037.721-9<br \/>UID \/ No de TVA: CHE-140.545.275<\/p>\r\n\r\n\r\n\r\n<p><strong><strong>Allemagne \/ UE:<\/strong><\/strong><\/p>\r\n\r\n\r\n\r\n<p>No EORI: DE6399495<br \/>No Ust-Id: DE286027270<\/p>\r\n\r\n\r\n\r\n<p><strong>Personne Responsable (PR) pour l&rsquo;Europe<\/strong> en conformit\u00e9 avec le nouveau r\u00e8glement cosm\u00e9tique EGULATION (EC) No 1223\/2009 DU PARLEMENT EUROP\u00c9EN ET DU CONSEIL du 30 novembre 2009 sur les produits cosm\u00e9tiques:<\/p>\r\n\r\n\r\n\r\n<p>RPDenmark<br \/><span style=\"font-size: 20.3815px;\">Mejsev\u00e6nget 7, DK-5610 Assens<br \/><\/span><span style=\"font-size: 20.3815px;\">Denmark<\/span><\/p>\r\n<p>Contact: J\u00f8rgen Gade Hyldgaard<br \/>E-Mail: <a href=\"mailto:rps@rpscandinavia.com\">rps@rpscandinavia.com<\/a><\/p>\r\n<p><a href=\"http:\/\/www.rpscandinavia.com\">www.rpscandinavia.com<\/a><\/p>\r\n\r\n\r\n\r\n<p><strong>Coordonn\u00e9es bancaires:<\/strong><\/p>\r\n\r\n\r\n\r\n<p>Z\u00fcrcher Kantonalbank, CH-8010 Z\u00fcrich<\/p>\r\n\r\n\r\n\r\n<p>CHF: IBAN CH90 0070 0110 0038 6822 4<\/p>\r\n\r\n\r\n\r\n<p>EURO: IBAN CH25 0070 0130 0078 6365 9<\/p>\r\n\r\n\r\n\r\n<p><strong>Conseil:<\/strong><\/p>\r\n\r\n\r\n\r\n<p>Le contact direct avec vous est important pour nous. Notre \u00e9quipe se tient \u00e0 votre disposition pour vous aider personnellement.<\/p>\r\n\r\n\r\n\r\n<p>E-Mail: <a href=\"mailto:info@keroderm.com\">info@keroderm.com<\/a><br \/>Tel.: <a href=\"tel:+41434433131\">+41 43 443 31 31<\/a><\/p>\r\n\r\n\r\n\r\n<p><strong>Copyright:<\/strong><\/p>\r\n\r\n\r\n\r\n<p>\u00a9 2026 TURIMED AG<br \/>Tous droits r\u00e9serv\u00e9s.<\/p>\r\n\r\n\r\n\r\n<p><strong>Avis de responsabilit\u00e9:<\/strong><\/p>\r\n\r\n\r\n\r\n<p>Turimed SA se r\u00e9serve le droit de modifier \u00e0 tout moment et sans pr\u00e9avis le contenu de son site Internet. Il n&rsquo;en r\u00e9sulte aucun droit de responsabilit\u00e9.<\/p>\r\n\r\n\r\n\r\n<p>Turimed SA s&rsquo;efforce de mettre \u00e0 disposition des informations correctes et compl\u00e8tes sur ce site Internet. Elle n&rsquo;assume toutefois aucune responsabilit\u00e9 ou garantie quant \u00e0 l&rsquo;actualit\u00e9, l&rsquo;exactitude et l&rsquo;exhaustivit\u00e9 des informations mises \u00e0 disposition.<\/p>\r\n\r\n\r\n\r\n<p>Turimed SA n&rsquo;assume aucune responsabilit\u00e9 quant au contenu des liens externes. Seuls les exploitants de ces sites sont responsables de leur contenu.<\/p>\r\n<\/div>\r\n<\/div>\r\n<\/div>\r\n<\/div>\r\n","protected":false},"excerpt":{"rendered":"","protected":false},"author":3,"featured_media":0,"parent":0,"menu_order":0,"comment_status":"closed","ping_status":"closed","template":"","meta":{"_acf_changed":false,"inline_featured_image":false,"_genesis_hide_title":false,"_genesis_hide_breadcrumbs":false,"_genesis_hide_singular_image":false,"_genesis_hide_footer_widgets":false,"_genesis_custom_body_class":"","_genesis_custom_post_class":"","_genesis_layout":"","footnotes":""},"class_list":{"1":"page","2":"type-page","5":"entry"},"featured_image_src":null,"featured_image_src_square":null,"acf":[],"_links":{"self":[{"href":"https:\/\/keroderm.com\/fr\/wp-json\/wp\/v2\/pages\/1093","targetHints":{"allow":["GET"]}}],"collection":[{"href":"https:\/\/keroderm.com\/fr\/wp-json\/wp\/v2\/pages"}],"about":[{"href":"https:\/\/keroderm.com\/fr\/wp-json\/wp\/v2\/types\/page"}],"author":[{"embeddable":true,"href":"https:\/\/keroderm.com\/fr\/wp-json\/wp\/v2\/users\/3"}],"replies":[{"embeddable":true,"href":"https:\/\/keroderm.com\/fr\/wp-json\/wp\/v2\/comments?post=1093"}],"version-history":[{"count":0,"href":"https:\/\/keroderm.com\/fr\/wp-json\/wp\/v2\/pages\/1093\/revisions"}],"wp:attachment":[{"href":"https:\/\/keroderm.com\/fr\/wp-json\/wp\/v2\/media?parent=1093"}],"curies":[{"name":"wp","href":"https:\/\/api.w.org\/{rel}","templated":true}]}}