{"id":1094,"date":"2022-08-11T11:52:29","date_gmt":"2022-08-11T09:52:29","guid":{"rendered":"https:\/\/keroderm.com\/?page_id=1094"},"modified":"2023-02-06T09:36:00","modified_gmt":"2023-02-06T08:36:00","slug":"protection-des-donnees","status":"publish","type":"page","link":"https:\/\/keroderm.com\/fr\/protection-des-donnees\/","title":{"rendered":"<strong>D\u00e9claration de confidentialit\u00e9<\/strong>"},"content":{"rendered":"\n<div class=\"wp-block-genesis-blocks-gb-columns gb-slate-section-accordion-and-text gb-slate-section-text-accordion gb-layout-columns-1 gb-1-col-equal gb-has-custom-background-color gb-has-custom-text-color gb-columns-center alignfull\" style=\"padding-top:3em;padding-right:1em;padding-bottom:6em;padding-left:1em;background-color:#ffffff;color:#1f1f1f\"><div class=\"gb-layout-column-wrap gb-block-layout-column-gap-2 gb-is-responsive-column\" style=\"max-width:1200px\">\n<div class=\"wp-block-genesis-blocks-gb-column gb-block-layout-column\"><div class=\"gb-block-layout-column-inner\">\n<h1 class=\"wp-block-heading\">D\u00e9claration de confidentialit\u00e9<\/h1>\n\n\n\n<p><strong>1. Aper\u00e7u de la protection des donn\u00e9es<\/strong><\/p>\n\n\n\n<p><strong>Remarques g\u00e9n\u00e9rales<\/strong><\/p>\n\n\n\n<p>Les indications suivantes donnent un aper\u00e7u simple de ce qui se passe avec vos donn\u00e9es personnelles lorsque vous visitez notre site web. Les donn\u00e9es personnelles sont toutes les donn\u00e9es qui permettent de vous identifier personnellement. Vous trouverez des informations d\u00e9taill\u00e9es sur le th\u00e8me de la protection des donn\u00e9es dans notre d\u00e9claration de protection des donn\u00e9es figurant sous ce texte.<\/p>\n\n\n\n<p><strong>Collecte de donn\u00e9es sur notre site web<\/strong><\/p>\n\n\n\n<p>Qui est responsable de la collecte des donn\u00e9es sur ce site web ?<br>Le traitement des donn\u00e9es sur ce site web est effectu\u00e9 par l&rsquo;exploitant du site web. Vous trouverez ses coordonn\u00e9es dans les mentions l\u00e9gales de ce site web.<\/p>\n\n\n\n<p><strong>Comment recueillons-nous vos donn\u00e9es ?<\/strong><\/p>\n\n\n\n<p>Vos donn\u00e9es sont collect\u00e9es, d&rsquo;une part, lorsque vous nous les communiquez. Il peut s&rsquo;agir par exemple de donn\u00e9es que vous saisissez dans un formulaire de contact.<\/p>\n\n\n\n<p>D&rsquo;autres donn\u00e9es sont automatiquement collect\u00e9es par nos syst\u00e8mes informatiques lors de la visite du site web. Il s&rsquo;agit principalement de donn\u00e9es techniques (par exemple, le navigateur Internet, le syst\u00e8me d&rsquo;exploitation ou l&rsquo;heure de consultation de la page). La saisie de ces donn\u00e9es s&rsquo;effectue automatiquement d\u00e8s que vous acc\u00e9dez \u00e0 notre site web.<\/p>\n\n\n\n<p><strong>\u00c0 quelles fins utilisons-nous vos donn\u00e9es ?<\/strong><\/p>\n\n\n\n<p>Une partie des donn\u00e9es est collect\u00e9e afin de garantir une mise \u00e0 disposition sans erreur du site web. D&rsquo;autres donn\u00e9es peuvent \u00eatre utilis\u00e9es pour analyser votre comportement d&rsquo;utilisateur.<\/p>\n\n\n\n<p><strong>Quels sont vos droits concernant vos donn\u00e9es ?<\/strong><\/p>\n\n\n\n<p>Vous avez \u00e0 tout moment le droit d&rsquo;obtenir gratuitement des informations sur l&rsquo;origine, le destinataire et la finalit\u00e9 de vos donn\u00e9es personnelles enregistr\u00e9es. Vous avez \u00e9galement le droit d&rsquo;exiger la rectification, le blocage ou la suppression de ces donn\u00e9es. Pour cela, ainsi que pour toute autre question relative \u00e0 la protection des donn\u00e9es, vous pouvez nous contacter \u00e0 tout moment \u00e0 l&rsquo;adresse indiqu\u00e9e dans les mentions l\u00e9gales. Vous disposez en outre d&rsquo;un droit de recours aupr\u00e8s de l&rsquo;autorit\u00e9 de surveillance comp\u00e9tente.<\/p>\n\n\n\n<p>Vous avez \u00e9galement le droit, dans certaines circonstances, d&rsquo;exiger la limitation du traitement de vos donn\u00e9es personnelles. Pour plus de d\u00e9tails \u00e0 ce sujet, veuillez consulter la d\u00e9claration de protection des donn\u00e9es sous \u00ab\u00a0Droit \u00e0 la limitation du traitement\u00a0\u00bb.<\/p>\n\n\n\n<p><strong>Outils d&rsquo;analyse et outils de tiers<\/strong><\/p>\n\n\n\n<p>Lorsque vous visitez notre site web, votre comportement de navigation peut \u00eatre \u00e9valu\u00e9 statistiquement. Cela se fait principalement \u00e0 l&rsquo;aide de cookies et de programmes d&rsquo;analyse. L&rsquo;analyse de votre comportement de navigation se fait en g\u00e9n\u00e9ral de mani\u00e8re anonyme ; le comportement de navigation ne peut pas \u00eatre retrac\u00e9 jusqu&rsquo;\u00e0 vous. Vous pouvez vous opposer \u00e0 cette analyse ou l&#8217;emp\u00eacher en n&rsquo;utilisant pas certains outils. Vous trouverez des informations d\u00e9taill\u00e9es \u00e0 ce sujet dans la d\u00e9claration de protection des donn\u00e9es ci-apr\u00e8s.<\/p>\n\n\n\n<p>Vous pouvez vous opposer \u00e0 cette analyse. Nous vous informerons des possibilit\u00e9s d&rsquo;opposition dans la pr\u00e9sente d\u00e9claration de protection des donn\u00e9es.<\/p>\n\n\n\n<p><strong>2. Remarques g\u00e9n\u00e9rales et informations obligatoires<\/strong><\/p>\n\n\n\n<p><strong>Protection des donn\u00e9es<\/strong><\/p>\n\n\n\n<p>Les exploitants de ces pages prennent la protection de vos donn\u00e9es personnelles tr\u00e8s au s\u00e9rieux. Nous traitons vos donn\u00e9es personnelles de mani\u00e8re confidentielle et conform\u00e9ment aux dispositions l\u00e9gales en mati\u00e8re de protection des donn\u00e9es et \u00e0 la pr\u00e9sente d\u00e9claration de protection des donn\u00e9es.<\/p>\n\n\n\n<p>Lorsque vous utilisez ce site, diff\u00e9rentes donn\u00e9es personnelles sont collect\u00e9es. Les donn\u00e9es personnelles sont des donn\u00e9es qui permettent de vous identifier personnellement. La pr\u00e9sente d\u00e9claration de confidentialit\u00e9 explique quelles donn\u00e9es nous collectons et \u00e0 quelles fins nous les utilisons. Elle explique \u00e9galement comment et dans quel but nous le faisons.<\/p>\n\n\n\n<p>Nous attirons votre attention sur le fait que la transmission de donn\u00e9es sur Internet (par ex. lors de la communication par e-mail) peut pr\u00e9senter des failles de s\u00e9curit\u00e9. Une protection sans faille des donn\u00e9es contre l&rsquo;acc\u00e8s par des tiers n&rsquo;est pas possible.<\/p>\n\n\n\n<p><strong>Remarque sur le service responsable<\/strong><\/p>\n\n\n\n<p>Le responsable du traitement des donn\u00e9es sur ce site est :<\/p>\n\n\n\n<p>Turimed SA<br>Industriestrasse 19<br>CH-8304 Wallisellen<\/p>\n\n\n\n<p>Telefon: <a href=\"tel:+41434433131\">+41 43 443 31 31<\/a><br>E-Mail: <a href=\"mailto:info@turimed.ch\">info@turimed.ch<\/a><\/p>\n\n\n\n<p>Le responsable du traitement est la personne physique ou morale qui, seule ou conjointement avec d&rsquo;autres, d\u00e9termine les finalit\u00e9s et les moyens du traitement des donn\u00e9es \u00e0 caract\u00e8re personnel (p. ex. noms, adresses \u00e9lectroniques ou autres).<\/p>\n\n\n\n<p><strong>R\u00e9vocation de votre consentement au traitement des donn\u00e9es<\/strong><\/p>\n\n\n\n<p>De nombreuses op\u00e9rations de traitement des donn\u00e9es ne sont possibles qu&rsquo;avec votre consentement explicite. Vous pouvez r\u00e9voquer \u00e0 tout moment un consentement d\u00e9j\u00e0 donn\u00e9. Il suffit pour cela de nous envoyer un message informel par e-mail. La l\u00e9galit\u00e9 du traitement des donn\u00e9es effectu\u00e9 jusqu&rsquo;\u00e0 la r\u00e9vocation n&rsquo;est pas affect\u00e9e par la r\u00e9vocation.<\/p>\n\n\n\n<p><strong>Droit d&rsquo;opposition \u00e0 la collecte de donn\u00e9es dans des cas particuliers ainsi qu&rsquo;\u00e0 la publicit\u00e9 directe (art. 21 RGPD)<\/strong><\/p>\n\n\n\n<p>Si le traitement des donn\u00e9es est effectu\u00e9 sur la base de l&rsquo;article 6, paragraphe 1, point e ou f du RGPD, vous avez le droit de vous opposer \u00e0 tout moment, pour des raisons tenant \u00e0 votre situation particuli\u00e8re, au traitement de vos donn\u00e9es personnelles ; cela vaut \u00e9galement pour le profilage fond\u00e9 sur ces dispositions. Vous trouverez dans la pr\u00e9sente d\u00e9claration de protection des donn\u00e9es la base juridique respective sur laquelle repose un traitement. Si vous vous y opposez, nous ne traiterons plus vos donn\u00e9es \u00e0 caract\u00e8re personnel concern\u00e9es, \u00e0 moins que nous puissions d\u00e9montrer qu&rsquo;il existe des motifs l\u00e9gitimes et imp\u00e9rieux pour le traitement qui pr\u00e9valent sur vos int\u00e9r\u00eats, droits et libert\u00e9s, ou que le traitement sert \u00e0 faire valoir, exercer ou d\u00e9fendre des droits en justice (opposition conform\u00e9ment \u00e0 l&rsquo;article 21, paragraphe 1, du RGPD).<\/p>\n\n\n\n<p>Si vos donn\u00e9es \u00e0 caract\u00e8re personnel sont trait\u00e9es \u00e0 des fins de publicit\u00e9 directe, vous avez le droit de vous opposer \u00e0 tout moment au traitement des donn\u00e9es \u00e0 caract\u00e8re personnel vous concernant \u00e0 de telles fins de publicit\u00e9 ; cela vaut \u00e9galement pour le profilage dans la mesure o\u00f9 il est li\u00e9 \u00e0 une telle publicit\u00e9 directe. Si vous vous y opposez, vos donn\u00e9es personnelles ne seront ensuite plus utilis\u00e9es \u00e0 des fins de publicit\u00e9 directe (opposition conform\u00e9ment \u00e0 l&rsquo;article 21, paragraphe 2, du RGPD).<\/p>\n\n\n\n<p><strong>Droit de recours aupr\u00e8s de l&rsquo;autorit\u00e9 de surveillance comp\u00e9tente<\/strong><\/p>\n\n\n\n<p>En cas de violation du RGPD, les personnes concern\u00e9es disposent d&rsquo;un droit de recours aupr\u00e8s d&rsquo;une autorit\u00e9 de contr\u00f4le, notamment dans l&rsquo;\u00c9tat membre de leur r\u00e9sidence habituelle, de leur lieu de travail ou du lieu de la violation pr\u00e9sum\u00e9e. Ce droit de recours s&rsquo;exerce sans pr\u00e9judice des autres voies de recours administratives ou judiciaires.<\/p>\n\n\n\n<p><strong>Droit de portabilit\u00e9 des donn\u00e9es<\/strong><\/p>\n\n\n\n<p>Vous avez le droit de vous faire remettre ou de faire remettre \u00e0 un tiers, dans un format courant et lisible par machine, les donn\u00e9es que nous traitons de mani\u00e8re automatis\u00e9e sur la base de votre consentement ou en ex\u00e9cution d&rsquo;un contrat. Si vous demandez la transmission directe des donn\u00e9es \u00e0 un autre responsable, cela ne se fera que dans la mesure o\u00f9 cela est techniquement possible.<\/p>\n\n\n\n<p><strong>Chiffrement SSL ou TLS<\/strong><\/p>\n\n\n\n<p>Pour des raisons de s\u00e9curit\u00e9 et pour prot\u00e9ger la transmission de contenus confidentiels, comme par exemple les commandes ou les demandes que vous nous envoyez en tant qu&rsquo;exploitant du site, ce site utilise un cryptage SSL ou TLS. Vous reconnaissez une connexion crypt\u00e9e au fait que la ligne d&rsquo;adresse du navigateur passe de \u00ab\u00a0http:\/\/\u00a0\u00bb \u00e0 \u00ab\u00a0https:\/\/\u00a0\u00bb et au symbole du cadenas dans la ligne de votre navigateur.<\/p>\n\n\n\n<p>Si le cryptage SSL ou TLS est activ\u00e9, les donn\u00e9es que vous nous transmettez ne peuvent pas \u00eatre lues par des tiers.<\/p>\n\n\n\n<p><strong>Acc\u00e8s, blocage, suppression et rectification<\/strong><\/p>\n\n\n\n<p>Dans le cadre des dispositions l\u00e9gales en vigueur, vous avez \u00e0 tout moment le droit d&rsquo;obtenir gratuitement des informations sur vos donn\u00e9es personnelles enregistr\u00e9es, leur origine et leur destinataire ainsi que sur la finalit\u00e9 du traitement des donn\u00e9es et, le cas \u00e9ch\u00e9ant, un droit de rectification, de blocage ou de suppression de ces donn\u00e9es. Pour cela, ainsi que pour toute autre question relative aux donn\u00e9es personnelles, vous pouvez nous contacter \u00e0 tout moment \u00e0 l&rsquo;adresse indiqu\u00e9e dans les mentions l\u00e9gales.<\/p>\n\n\n\n<p><strong>Droit \u00e0 la limitation du traitement<\/strong><\/p>\n\n\n\n<p>Vous avez le droit de demander la limitation du traitement de vos donn\u00e9es personnelles. Pour ce faire, vous pouvez nous contacter \u00e0 tout moment \u00e0 l&rsquo;adresse indiqu\u00e9e dans les mentions l\u00e9gales. Le droit \u00e0 la limitation du traitement existe dans les cas suivants :<\/p>\n\n\n\n<p>&#8211; Si vous contestez l&rsquo;exactitude de vos donn\u00e9es personnelles enregistr\u00e9es chez nous, nous avons g\u00e9n\u00e9ralement besoin de temps pour le v\u00e9rifier. Pendant la dur\u00e9e de la v\u00e9rification, vous avez le droit d&rsquo;exiger la limitation du traitement de vos donn\u00e9es \u00e0 caract\u00e8re personnel.<br>&#8211; Si le traitement de vos donn\u00e9es \u00e0 caract\u00e8re personnel s&rsquo;est produit\/se produit de mani\u00e8re ill\u00e9gale, vous pouvez demander la limitation du traitement des donn\u00e9es au lieu de leur suppression.<br>&#8211; Si nous n&rsquo;avons plus besoin de vos donn\u00e9es \u00e0 caract\u00e8re personnel, mais que vous en avez besoin pour exercer, d\u00e9fendre ou faire valoir des droits en justice, vous avez le droit de demander la limitation du traitement de vos donn\u00e9es \u00e0 caract\u00e8re personnel au lieu de leur effacement.<br>&#8211; Si vous avez fait opposition conform\u00e9ment \u00e0 l&rsquo;article 21, paragraphe 1, du RGPD, une mise en balance de vos int\u00e9r\u00eats et des n\u00f4tres doit \u00eatre effectu\u00e9e. Tant qu&rsquo;il n&rsquo;a pas \u00e9t\u00e9 d\u00e9termin\u00e9 quels int\u00e9r\u00eats pr\u00e9valent, vous avez le droit de demander la limitation du traitement de vos donn\u00e9es \u00e0 caract\u00e8re personnel.<br>&#8211; Si vous avez limit\u00e9 le traitement de vos donn\u00e9es \u00e0 caract\u00e8re personnel, ces donn\u00e9es ne peuvent \u00eatre trait\u00e9es &#8211; \u00e0 l&rsquo;exception de leur stockage &#8211; qu&rsquo;avec votre consentement ou pour la constatation, l&rsquo;exercice ou la d\u00e9fense de droits en justice ou pour la protection des droits d&rsquo;une autre personne physique ou morale, ou encore pour un motif d&rsquo;int\u00e9r\u00eat public important de l&rsquo;Union europ\u00e9enne ou d&rsquo;un \u00c9tat membre.<\/p>\n\n\n\n<p><strong>3. collecte de donn\u00e9es sur notre site web<\/strong><\/p>\n\n\n\n<p><strong>Cookies<\/strong><\/p>\n\n\n\n<p>Les pages Internet utilisent en partie des cookies. Les cookies n&rsquo;endommagent pas votre ordinateur et ne contiennent pas de virus. Les cookies servent \u00e0 rendre notre offre plus conviviale, plus efficace et plus s\u00fbre. Les cookies sont de petits fichiers texte qui sont d\u00e9pos\u00e9s sur votre ordinateur et que votre navigateur enregistre.<\/p>\n\n\n\n<p>La plupart des cookies que nous utilisons sont des \u00ab\u00a0cookies de session\u00a0\u00bb. Ils sont automatiquement supprim\u00e9s \u00e0 la fin de votre visite. D&rsquo;autres cookies restent enregistr\u00e9s sur votre terminal jusqu&rsquo;\u00e0 ce que vous les supprimiez. Ces cookies nous permettent de reconna\u00eetre votre navigateur lors de votre prochaine visite.<\/p>\n\n\n\n<p>Vous pouvez configurer votre navigateur de mani\u00e8re \u00e0 \u00eatre inform\u00e9 de l&rsquo;installation de cookies et \u00e0 n&rsquo;autoriser les cookies qu&rsquo;au cas par cas, \u00e0 exclure l&rsquo;acceptation de cookies dans certains cas ou de mani\u00e8re g\u00e9n\u00e9rale, et \u00e0 activer la suppression automatique des cookies \u00e0 la fermeture du navigateur. En cas de d\u00e9sactivation des cookies, la fonctionnalit\u00e9 de ce site web peut \u00eatre limit\u00e9e.<\/p>\n\n\n\n<p>Les cookies n\u00e9cessaires \u00e0 l&rsquo;ex\u00e9cution du processus de communication \u00e9lectronique ou \u00e0 la mise \u00e0 disposition de certaines fonctions que vous avez souhait\u00e9es (par ex. fonction de panier d&rsquo;achat) sont enregistr\u00e9s sur la base de l&rsquo;article 6, paragraphe 1, point f du RGPD. L&rsquo;exploitant du site web a un int\u00e9r\u00eat l\u00e9gitime \u00e0 l&rsquo;enregistrement de cookies pour une mise \u00e0 disposition de ses services sans erreur technique et optimis\u00e9e. Dans la mesure o\u00f9 d&rsquo;autres cookies (par ex. des cookies pour l&rsquo;analyse de votre comportement de navigation) sont enregistr\u00e9s, ceux-ci sont trait\u00e9s s\u00e9par\u00e9ment dans la pr\u00e9sente d\u00e9claration de protection des donn\u00e9es.<\/p>\n\n\n\n<p><strong>Fichiers journaux du serveur<\/strong><\/p>\n\n\n\n<p>Le fournisseur des pages collecte et enregistre automatiquement des informations dans ce que l&rsquo;on appelle des fichiers journaux du serveur, que votre navigateur nous transmet automatiquement. Il s&rsquo;agit de<\/p>\n\n\n\n<ul class=\"wp-block-list\">\n<li>Type et version du navigateur<\/li>\n\n\n\n<li>Le syst\u00e8me d&rsquo;exploitation utilis\u00e9<\/li>\n\n\n\n<li>URL de r\u00e9f\u00e9rence<\/li>\n\n\n\n<li>Nom d&rsquo;h\u00f4te de l&rsquo;ordinateur qui acc\u00e8de au site<\/li>\n\n\n\n<li>Heure de la demande du serveur<\/li>\n\n\n\n<li>Adresse IP<\/li>\n<\/ul>\n\n\n\n<p>Ces donn\u00e9es ne sont pas recoup\u00e9es avec d&rsquo;autres sources de donn\u00e9es.<\/p>\n\n\n\n<p>La collecte de ces donn\u00e9es s&rsquo;effectue sur la base de l&rsquo;article 6, paragraphe 1, point f du RGPD. L&rsquo;exploitant du site web a un int\u00e9r\u00eat l\u00e9gitime \u00e0 ce que son site web soit pr\u00e9sent\u00e9 sans erreur technique et \u00e0 ce qu&rsquo;il soit optimis\u00e9 &#8211; pour cela, les fichiers journaux du serveur doivent \u00eatre collect\u00e9s.<\/p>\n\n\n\n<p><strong>Formulaire de contact<\/strong><\/p>\n\n\n\n<p>Si vous nous faites parvenir des demandes par le biais du formulaire de contact, les informations que vous avez fournies dans le formulaire de demande, y compris les donn\u00e9es de contact que vous y avez indiqu\u00e9es, sont enregistr\u00e9es chez nous \u00e0 des fins de traitement de la demande et en cas de questions de suivi. Nous ne transmettons pas ces donn\u00e9es sans votre consentement.<\/p>\n\n\n\n<p>Le traitement des donn\u00e9es saisies dans le formulaire de contact s&rsquo;effectue donc exclusivement sur la base de votre consentement (article 6, paragraphe 1, point a du RGPD). Vous pouvez r\u00e9voquer ce consentement \u00e0 tout moment. Il suffit pour cela de nous envoyer un message informel par e-mail. La l\u00e9galit\u00e9 des op\u00e9rations de traitement des donn\u00e9es effectu\u00e9es jusqu&rsquo;\u00e0 la r\u00e9vocation n&rsquo;est pas affect\u00e9e par la r\u00e9vocation.<\/p>\n\n\n\n<p>Les donn\u00e9es que vous avez saisies dans le formulaire de contact restent chez nous jusqu&rsquo;\u00e0 ce que vous nous demandiez de les supprimer, que vous r\u00e9voquiez votre consentement \u00e0 leur enregistrement ou que la finalit\u00e9 de l&rsquo;enregistrement des donn\u00e9es devienne caduque (par ex. apr\u00e8s le traitement de votre demande). Les dispositions l\u00e9gales contraignantes &#8211; en particulier les d\u00e9lais de conservation &#8211; ne sont pas affect\u00e9es.<\/p>\n\n\n\n<p><strong>Traitement des donn\u00e9es (donn\u00e9es clients et donn\u00e9es contractuelles)<\/strong><\/p>\n\n\n\n<p>Nous ne collectons, traitons et utilisons les donn\u00e9es personnelles que dans la mesure o\u00f9 elles sont n\u00e9cessaires \u00e0 l&rsquo;\u00e9tablissement, \u00e0 l&rsquo;organisation du contenu ou \u00e0 la modification du rapport juridique (donn\u00e9es de base). Cela se fait sur la base de l&rsquo;article 6, paragraphe 1, point b) du RGPD, qui autorise le traitement des donn\u00e9es pour l&rsquo;ex\u00e9cution d&rsquo;un contrat ou de mesures pr\u00e9contractuelles. Nous ne collectons, traitons et utilisons les donn\u00e9es personnelles relatives \u00e0 l&rsquo;utilisation de nos pages Internet (donn\u00e9es d&rsquo;utilisation) que dans la mesure o\u00f9 cela est n\u00e9cessaire pour permettre \u00e0 l&rsquo;utilisateur d&rsquo;utiliser le service ou de le facturer.<\/p>\n\n\n\n<p>Les donn\u00e9es clients collect\u00e9es sont supprim\u00e9es apr\u00e8s l&rsquo;ach\u00e8vement de la commande ou la fin de la relation commerciale. Les d\u00e9lais de conservation l\u00e9gaux ne sont pas affect\u00e9s.<\/p>\n\n\n\n<p><strong>4. Outils d&rsquo;analyse et publicit\u00e9<\/strong><\/p>\n\n\n\n<p><strong>Google Analytics<\/strong><\/p>\n\n\n\n<p>Ce site web utilise des fonctions du service d&rsquo;analyse web Google Analytics. Le fournisseur est Google Inc., 1600 Amphitheatre Parkway, Mountain View, CA 94043, USA.<\/p>\n\n\n\n<p>Google Analytics utilise des \u00ab\u00a0cookies\u00a0\u00bb. Il s&rsquo;agit de fichiers texte qui sont enregistr\u00e9s sur votre ordinateur et qui permettent d&rsquo;analyser votre utilisation du site web. Les informations g\u00e9n\u00e9r\u00e9es par le cookie concernant votre utilisation de ce site web sont g\u00e9n\u00e9ralement transmises \u00e0 un serveur de Google aux \u00c9tats-Unis et y sont enregistr\u00e9es.<\/p>\n\n\n\n<p>L&rsquo;enregistrement des cookies Google Analytics et l&rsquo;utilisation de cet outil d&rsquo;analyse sont bas\u00e9s sur l&rsquo;article 6, paragraphe 1, point f) du RGPD. L&rsquo;exploitant du site web a un int\u00e9r\u00eat l\u00e9gitime \u00e0 analyser le comportement des utilisateurs afin d&rsquo;optimiser \u00e0 la fois son offre web et sa publicit\u00e9.<\/p>\n\n\n\n<p><strong>Anonymisation des IP<\/strong><\/p>\n\n\n\n<p>Nous avons activ\u00e9 la fonction d&rsquo;anonymisation IP sur ce site web. Ainsi, votre adresse IP est abr\u00e9g\u00e9e par Google dans les \u00c9tats membres de l&rsquo;Union europ\u00e9enne ou dans d&rsquo;autres \u00c9tats signataires de l&rsquo;accord sur l&rsquo;Espace \u00e9conomique europ\u00e9en avant d&rsquo;\u00eatre transmise aux \u00c9tats-Unis. Ce n&rsquo;est que dans des cas exceptionnels que l&rsquo;adresse IP compl\u00e8te est transmise \u00e0 un serveur de Google aux \u00c9tats-Unis et y est raccourcie. Google utilisera ces informations pour le compte de l&rsquo;exploitant de ce site web afin d&rsquo;\u00e9valuer votre utilisation du site web, de compiler des rapports sur les activit\u00e9s du site web et de fournir \u00e0 l&rsquo;exploitant du site web d&rsquo;autres services li\u00e9s \u00e0 l&rsquo;utilisation du site web et d&rsquo;Internet. L&rsquo;adresse IP transmise par votre navigateur dans le cadre de Google Analytics ne sera pas recoup\u00e9e avec d&rsquo;autres donn\u00e9es de Google.<\/p>\n\n\n\n<p><strong>Plugin de navigateur<\/strong><\/p>\n\n\n\n<p>Vous pouvez emp\u00eacher l&rsquo;enregistrement des cookies en param\u00e9trant votre logiciel de navigation en cons\u00e9quence ; nous attirons toutefois votre attention sur le fait que, dans ce cas, vous ne pourrez peut-\u00eatre pas utiliser toutes les fonctions de ce site web dans leur int\u00e9gralit\u00e9. Vous pouvez en outre emp\u00eacher la saisie par Google des donn\u00e9es g\u00e9n\u00e9r\u00e9es par le cookie et se rapportant \u00e0 votre utilisation du site web (y compris votre adresse IP) ainsi que le traitement de ces donn\u00e9es par Google en t\u00e9l\u00e9chargeant et en installant le plug-in de navigateur disponible sous le lien suivant : <a href=\"https:\/\/tools.google.com\/dlpage\/gaoptout?hl=de\">https:\/\/tools.google.com\/dlpage\/gaoptout?hl=fr<\/a>.<\/p>\n\n\n\n<p><strong>Opposition \u00e0 la collecte de donn\u00e9es<\/strong><\/p>\n\n\n\n<p>Vous pouvez emp\u00eacher la saisie de vos donn\u00e9es par Google Analytics en cliquant sur le lien suivant. Un cookie d&rsquo;opt-out sera install\u00e9, qui emp\u00eachera la collecte de vos donn\u00e9es lors de vos prochaines visites sur ce site : D\u00e9sactiver Google Analytics.<\/p>\n\n\n\n<p>Vous trouverez plus d&rsquo;informations sur le traitement des donn\u00e9es des utilisateurs par Google Analytics dans la d\u00e9claration de confidentialit\u00e9 de Google : <a href=\"https:\/\/support.google.com\/analytics\/answer\/6004245?hl=de\">https:\/\/support.google.com\/analytics\/answer\/6004245?hl=fr<\/a>.<\/p>\n\n\n\n<p><strong>Traitement des commandes<\/strong><\/p>\n\n\n\n<p>Nous avons conclu un contrat de traitement des commandes avec Google et appliquons int\u00e9gralement les directives strictes des autorit\u00e9s allemandes de protection des donn\u00e9es lors de l&rsquo;utilisation de Google Analytics.<\/p>\n\n\n\n<p><strong>5. Plugins et outils<\/strong><\/p>\n\n\n\n<p>Ce site utilise ce que l&rsquo;on appelle des polices web, mises \u00e0 disposition par Google, pour l&rsquo;affichage uniforme des polices de caract\u00e8res. Lorsque vous consultez une page, votre navigateur charge les polices web n\u00e9cessaires dans le cache de votre navigateur afin d&rsquo;afficher correctement les textes et les polices.<\/p>\n\n\n\n<p>Pour ce faire, le navigateur que vous utilisez doit se connecter aux serveurs de Google. Google est ainsi inform\u00e9 que notre site web a \u00e9t\u00e9 consult\u00e9 via votre adresse IP. L&rsquo;utilisation de Google Web Fonts a lieu dans l&rsquo;int\u00e9r\u00eat d&rsquo;une pr\u00e9sentation uniforme et attrayante de nos offres en ligne. Cela constitue un int\u00e9r\u00eat l\u00e9gitime au sens de l&rsquo;article 6, paragraphe 1, point f) du RGPD.<\/p>\n\n\n\n<p>Si votre navigateur ne prend pas en charge les polices Web, une police standard est utilis\u00e9e par votre ordinateur.<\/p>\n\n\n\n<p>Vous trouverez plus d&rsquo;informations sur Google Web Fonts sur <a href=\"https:\/\/developers.google.com\/fonts\/faq?hl=fr\">https:\/\/developers.google.com\/fonts\/faq?hl=fr<\/a> et dans la d\u00e9claration de confidentialit\u00e9 de Google : <a href=\"https:\/\/policies.google.com\/privacy?hl=de\">https:\/\/policies.google.com\/privacy?hl=fr<\/a>.<\/p>\n<\/div><\/div>\n<\/div><\/div>\n","protected":false},"excerpt":{"rendered":"","protected":false},"author":3,"featured_media":0,"parent":0,"menu_order":0,"comment_status":"closed","ping_status":"closed","template":"","meta":{"_acf_changed":false,"inline_featured_image":false,"_genesis_hide_title":false,"_genesis_hide_breadcrumbs":false,"_genesis_hide_singular_image":false,"_genesis_hide_footer_widgets":false,"_genesis_custom_body_class":"","_genesis_custom_post_class":"","_genesis_layout":"","footnotes":""},"class_list":{"1":"page","2":"type-page","5":"entry"},"featured_image_src":null,"featured_image_src_square":null,"acf":[],"_links":{"self":[{"href":"https:\/\/keroderm.com\/fr\/wp-json\/wp\/v2\/pages\/1094","targetHints":{"allow":["GET"]}}],"collection":[{"href":"https:\/\/keroderm.com\/fr\/wp-json\/wp\/v2\/pages"}],"about":[{"href":"https:\/\/keroderm.com\/fr\/wp-json\/wp\/v2\/types\/page"}],"author":[{"embeddable":true,"href":"https:\/\/keroderm.com\/fr\/wp-json\/wp\/v2\/users\/3"}],"replies":[{"embeddable":true,"href":"https:\/\/keroderm.com\/fr\/wp-json\/wp\/v2\/comments?post=1094"}],"version-history":[{"count":0,"href":"https:\/\/keroderm.com\/fr\/wp-json\/wp\/v2\/pages\/1094\/revisions"}],"wp:attachment":[{"href":"https:\/\/keroderm.com\/fr\/wp-json\/wp\/v2\/media?parent=1094"}],"curies":[{"name":"wp","href":"https:\/\/api.w.org\/{rel}","templated":true}]}}