{"id":1108,"date":"2022-07-22T15:13:29","date_gmt":"2022-07-22T13:13:29","guid":{"rendered":"https:\/\/keroderm.com\/?page_id=1108"},"modified":"2023-02-02T09:47:34","modified_gmt":"2023-02-02T08:47:34","slug":"cose-da-sapere","status":"publish","type":"page","link":"https:\/\/keroderm.com\/it\/cose-da-sapere\/","title":{"rendered":"Cose da sapere"},"content":{"rendered":"\n<div class=\"wp-block-genesis-blocks-gb-columns gb-slate-section-accordion-and-text gb-slate-section-text-accordion gb-layout-columns-1 gb-1-col-equal gb-has-custom-background-color gb-has-custom-text-color gb-columns-center alignfull\" style=\"padding-top:3em;padding-right:1em;padding-bottom:6em;padding-left:1em;background-color:#ffffff;color:#1f1f1f\"><div class=\"gb-layout-column-wrap gb-block-layout-column-gap-2 gb-is-responsive-column\" style=\"max-width:1200px\">\n<div class=\"wp-block-genesis-blocks-gb-column gb-block-layout-column\"><div class=\"gb-block-layout-column-inner\">\n<h1 class=\"wp-block-heading\"><strong>La prevenzione \u00e8 la migliore medicina<\/strong><\/h1>\n\n\n\n<p>Per le persone con una pelle sana \u00e8 fondamentale proteggerla, detergerla e curarla adeguatamente come misura preventiva, in modo che i meccanismi protettivi naturali della pelle non vengano disturbati o distrutti.<\/p>\n\n\n\n<h2 class=\"wp-block-heading\"><strong>Cosa devo sapere:<\/strong><\/h2>\n\n\n\n<ol class=\"wp-block-list\">\n<li><strong><strong>La pelle \u00e8 un tessuto vivente<\/strong><br><\/strong>La pelle \u00e8 l&#8217;organo pi\u00f9 esteso del corpo umano. Essendo un tessuto vivente, si rinnova continuamente in modo che la superficie possa svolgere la sua funzione di barriera protettiva. \u00c8 quindi importante mantenere la pelle in buone condizioni per far fronte alle sollecitazioni della vita quotidiana e del lavoro.<\/li>\n\n\n\n<li><strong>Gli agenti esterni irritano la pelle<br><\/strong>La normale vita quotidiana e le influenze legate al lavoro compromettono la naturale funzione di barriera della pelle, soprattutto delle mani. Se le influenze negative sono troppo forti, la pelle non riesce pi\u00f9 a rigenerarsi correttamente e diventa permeabile come un colabrodo. In questo caso, sostanze solitamente ben tollerate penetrano nella pelle e causano irritazioni. La pelle diventa rossa, secca e talvolta screpolata.<\/li>\n\n\n\n<li><strong><strong>Le irritazioni cutanee favoriscono le allergie<\/strong><br><\/strong>In una pelle sana, le sostanze irritanti per la pelle non passano attraverso la naturale barriera protettiva nella vita quotidiana e sul lavoro. Se la pelle \u00e8 irritata, le sostanze allergeniche possono raggiungere le aree cutanee pi\u00f9 profonde e provocare una reazione allergica. Questa reazione \u00e8 la risposta attiva dell&#8217;organismo, che mobilita le proprie difese immunitarie.<\/li>\n<\/ol>\n\n\n\n<h2 class=\"wp-block-heading\"><strong>Cosa devo fare<\/strong>:<\/h2>\n\n\n\n<ol class=\"wp-block-list\">\n<li><strong>Evitare il contatto<br><\/strong>Ogni utente deve conoscere i rischi per la salute dei prodotti utilizzati. Le sostanze tossiche e allergeniche non devono essere toccate a mani nude.<\/li>\n\n\n\n<li><strong>Protezione della pelle<\/strong><br>Le creme protettive agiscono sull&#8217;epidermide. Hanno il compito di sostenere i naturali meccanismi protettivi della pelle, rendendo pi\u00f9 difficile la penetrazione delle sostanze di lavorazione e l&#8217;adesione dello sporco, facilitando cos\u00ec la pulizia della pelle.<\/li>\n\n\n\n<li><strong><strong>Pulizia della pelle<\/strong><\/strong><br>La pulizia della pelle deve essere adattata al grado di sporcizia e ai materiali di lavoro utilizzati. Il motto \u00e8: il pi\u00f9 delicatamente possibile e il pi\u00f9 intensamente possibile, in modo da non disturbare il pi\u00f9 possibile la naturale capacit\u00e0 rigenerativa della pelle.<\/li>\n\n\n\n<li><strong><strong>Cura della pelle<\/strong><\/strong><br>La cura della pelle ha il compito di ripristinare l&#8217;equilibrio naturale dei componenti idratanti e lipidici della pelle e di accorciare i tempi di rigenerazione dopo qualsiasi stress.<\/li>\n\n\n\n<li><strong><strong>Se si \u00e8 gi\u00e0 sviluppato un problema cutaneo<\/strong><br><\/strong>Keroderm<sup>\u00ae<\/sup> favorisce la formazione naturale di nuovi tessuti e promuove il processo di rigenerazione della pelle. Contiene sostanze che inibiscono i batteri e aiuta a curare la pelle secca, screpolata e fessurata. Quanto prima si trattano i piccoli problemi della pelle, tanto pi\u00f9 efficacemente si possono prevenire le malattie.<\/li>\n<\/ol>\n\n\n\n<h2 class=\"wp-block-heading\"><strong>Trattare immediatamente le lesioni cutanee<\/strong><\/h2>\n\n\n\n<p class=\"has-black-color has-text-color\">In sostanza, quanto pi\u00f9 rapidamente si affrontano le ferite o le irritazioni cutanee, tanto pi\u00f9 efficacemente si possono prevenire le malattie. Ferite o altre irritazioni cutanee favoriscono la penetrazione di sostanze estranee e di agenti patogeni negli strati inferiori della pelle, che possono favorire lo sviluppo di malattie cutanee.<\/p>\n\n\n\n<p class=\"has-black-color has-text-color\">Mentre le ferite profonde o molto profonde devono assolutamente essere trattate da un medico e, se necessario, suturate, ci sono molte ferite piccole e superficiali che possono essere trattate con una pomata adatta per le ferite e la rigenerazione.<\/p>\n\n\n\n<p class=\"has-black-color has-text-color\">Keroderm\u00ae \u00e8 un unguento che favorisce la naturale formazione dei tessuti della pelle e contiene sostanze che inibiscono i batteri. Favorisce il naturale processo di rigenerazione della pelle, ha un effetto curativo sulla pelle stressata ed \u00e8 particolarmente indicato per la pelle secca, screpolata e fragile. Pu\u00f2 essere utilizzato anche per curare i problemi della pelle delle labbra e del naso o della zona intima (solo per uso esterno).<\/p>\n\n\n\n<p class=\"has-black-color has-text-color\">Keroderm<sup>\u00ae<\/sup> \u00e8 utile per le lesioni piccole e superficiali.<\/p>\n\n\n\n<h2 class=\"wp-block-heading\"><strong>Esempi di applicazione<\/strong><\/h2>\n\n\n\n<p><strong><strong>Sport e militari:<\/strong><\/strong><\/p>\n\n\n\n<ul class=\"wp-block-list\">\n<li>Per il trattamento delle vesciche ai piedi<\/li>\n\n\n\n<li>Per il trattamento degli sfregamenti inguinali (lupo).<\/li>\n<\/ul>\n\n\n\n<p><strong><strong>Cucina e casa:<\/strong><\/strong><\/p>\n\n\n\n<ul class=\"wp-block-list\">\n<li>Per il trattamento dei tagli<\/li>\n<\/ul>\n\n\n\n<p><strong><strong>Bambini:<\/strong><\/strong><\/p>\n\n\n\n<ul class=\"wp-block-list\">\n<li>Per il trattamento del sederino dolorante dei bambini<\/li>\n\n\n\n<li>Per il trattamento degli sfregamenti (pannolini)<\/li>\n<\/ul>\n\n\n\n<p><strong><strong>Figli:<\/strong><\/strong><\/p>\n\n\n\n<ul class=\"wp-block-list\">\n<li>Per il trattamento di abrasioni e piccole lesioni superficiali<\/li>\n<\/ul>\n\n\n\n<p><strong><strong>Adolescenti:<\/strong><\/strong><\/p>\n\n\n\n<ul class=\"wp-block-list\">\n<li>Per il trattamento di brufoli e acne<\/li>\n<\/ul>\n\n\n\n<p><strong><strong>Anziani:<\/strong><\/strong><\/p>\n\n\n\n<ul class=\"wp-block-list\">\n<li>Per il trattamento dei problemi cutanei legati all&#8217;et\u00e0<\/li>\n\n\n\n<li>Per il trattamento della pelle secca e screpolata<\/li>\n<\/ul>\n<\/div><\/div>\n<\/div><\/div>\n\n\n","protected":false},"excerpt":{"rendered":"","protected":false},"author":3,"featured_media":0,"parent":0,"menu_order":0,"comment_status":"closed","ping_status":"closed","template":"","meta":{"_acf_changed":false,"inline_featured_image":false,"_genesis_hide_title":false,"_genesis_hide_breadcrumbs":false,"_genesis_hide_singular_image":false,"_genesis_hide_footer_widgets":false,"_genesis_custom_body_class":"","_genesis_custom_post_class":"","_genesis_layout":"","footnotes":""},"class_list":{"1":"page","2":"type-page","5":"entry"},"featured_image_src":null,"featured_image_src_square":null,"acf":[],"_links":{"self":[{"href":"https:\/\/keroderm.com\/it\/wp-json\/wp\/v2\/pages\/1108","targetHints":{"allow":["GET"]}}],"collection":[{"href":"https:\/\/keroderm.com\/it\/wp-json\/wp\/v2\/pages"}],"about":[{"href":"https:\/\/keroderm.com\/it\/wp-json\/wp\/v2\/types\/page"}],"author":[{"embeddable":true,"href":"https:\/\/keroderm.com\/it\/wp-json\/wp\/v2\/users\/3"}],"replies":[{"embeddable":true,"href":"https:\/\/keroderm.com\/it\/wp-json\/wp\/v2\/comments?post=1108"}],"version-history":[{"count":0,"href":"https:\/\/keroderm.com\/it\/wp-json\/wp\/v2\/pages\/1108\/revisions"}],"wp:attachment":[{"href":"https:\/\/keroderm.com\/it\/wp-json\/wp\/v2\/media?parent=1108"}],"curies":[{"name":"wp","href":"https:\/\/api.w.org\/{rel}","templated":true}]}}