{"id":1110,"date":"2022-07-22T12:23:45","date_gmt":"2022-07-22T10:23:45","guid":{"rendered":"https:\/\/keroderm.com\/?page_id=1110"},"modified":"2023-02-09T15:02:21","modified_gmt":"2023-02-09T14:02:21","slug":"irritazioni-cutanee","status":"publish","type":"page","link":"https:\/\/keroderm.com\/it\/irritazioni-cutanee\/","title":{"rendered":"Irritazioni cutanee"},"content":{"rendered":"\n<div class=\"wp-block-genesis-blocks-gb-columns gb-slate-section-accordion-and-text gb-slate-section-text-accordion gb-layout-columns-2 gb-2-col-equal gb-has-custom-background-color gb-has-custom-text-color gb-columns-center alignfull\" style=\"padding-top:3em;padding-right:1em;padding-bottom:6em;padding-left:1em;background-color:#ffffff;color:#1f1f1f\"><div class=\"gb-layout-column-wrap gb-block-layout-column-gap-2 gb-is-responsive-column\" style=\"max-width:1200px\">\n<div class=\"wp-block-genesis-blocks-gb-column gb-block-layout-column\"><div class=\"gb-block-layout-column-inner\">\n<h1 class=\"has-xxxxl-font-size wp-block-heading\"><strong><strong>Trattare le irritazioni cutanee con Keroderm<sup>\u00ae<\/sup><\/strong><\/strong><\/h1>\n\n\n\n<p>Keroderm<sup>\u00ae<\/sup> \u00e8 indicato per il trattamento di varie e diverse irritazioni cutanee dovute a cause esterne e\/o interne che hanno squilibrato la barriera protettiva della pelle. I principi attivi inibitori dei batteri, nutrienti e costruttori di tessuti favoriscono la naturale capacit\u00e0 di rigenerazione della pelle.<\/p>\n\n\n\n<div class=\"wp-block-buttons is-layout-flex wp-block-buttons-is-layout-flex\">\n<div class=\"wp-block-button--1\"><a class=\"wp-block-button__link button button-outline wp-element-button\" href=\"https:\/\/keroderm.com\/it\/diventare-un-partner-di-vendita\/\">Diventare un partner di vendita<\/a><\/div>\n<\/div>\n<\/div><\/div>\n\n\n\n<div class=\"wp-block-genesis-blocks-gb-column gb-block-layout-column\"><div class=\"gb-block-layout-column-inner\">\n<div style=\"height:40px\" aria-hidden=\"true\" class=\"wp-block-spacer\"><\/div>\n\n\n\n<div class=\"wp-block-genesis-blocks-gb-accordion gb-slate-accordion gpb-rounded-sm gb-block-accordion gb-font-size-19\"><details><summary class=\"gb-accordion-title\"><em><strong><strong>Pelle secca, screpolata e irritata<\/strong><\/strong><\/em><\/summary><div class=\"gb-accordion-text\">\n<figure class=\"wp-block-image size-large\"><img loading=\"lazy\" decoding=\"async\" width=\"1024\" height=\"362\" src=\"https:\/\/keroderm.com\/wp-content\/uploads\/2022\/08\/Bild_1920x678px_2.1-1024x362.jpg\" alt=\"\" class=\"wp-image-797\" srcset=\"https:\/\/keroderm.com\/wp-content\/uploads\/2022\/08\/Bild_1920x678px_2.1-300x106.jpg 300w, https:\/\/keroderm.com\/wp-content\/uploads\/2022\/08\/Bild_1920x678px_2.1-768x271.jpg 768w, https:\/\/keroderm.com\/wp-content\/uploads\/2022\/08\/Bild_1920x678px_2.1-1024x362.jpg 1024w, https:\/\/keroderm.com\/wp-content\/uploads\/2022\/08\/Bild_1920x678px_2.1-1536x542.jpg 1536w, https:\/\/keroderm.com\/wp-content\/uploads\/2022\/08\/Bild_1920x678px_2.1.jpg 1920w\" sizes=\"auto, (max-width: 1024px) 100vw, 1024px\" \/><\/figure>\n\n\n\n<p>La perdita di umidit\u00e0 e grassi pu\u00f2 portare a una pelle secca, screpolata e fragile. Le zone della pelle esposte senza protezione agli influssi ambientali, come il freddo o l&#8217;aria calda e secca, sono particolarmente sensibili. Ma anche prodotti sbagliati per la pulizia e la cura, il contatto non protetto con detergenti, disinfettanti o umidit\u00e0 (ad esempio lavandosi frequentemente le mani o indossando guanti impermeabili all&#8217;aria) favoriscono una pi\u00f9 rapida essiccazione della pelle. Le aree problematiche comprendono in particolare le mani, i piedi, i gomiti e la pelle della testa e del viso.<\/p>\n<\/div><\/details><\/div>\n\n\n\n<div class=\"wp-block-genesis-blocks-gb-accordion gb-slate-accordion gpb-rounded-sm gb-block-accordion gb-font-size-19\"><details><summary class=\"gb-accordion-title\"><strong><em>Pelle arrossata e pruriginosa<\/em><\/strong><\/summary><div class=\"gb-accordion-text\">\n<figure class=\"wp-block-image size-large\"><img loading=\"lazy\" decoding=\"async\" width=\"1024\" height=\"362\" src=\"https:\/\/keroderm.com\/wp-content\/uploads\/2022\/08\/Bild_1920x678px_2.2-1024x362.jpg\" alt=\"\" class=\"wp-image-798\" srcset=\"https:\/\/keroderm.com\/wp-content\/uploads\/2022\/08\/Bild_1920x678px_2.2-300x106.jpg 300w, https:\/\/keroderm.com\/wp-content\/uploads\/2022\/08\/Bild_1920x678px_2.2-768x271.jpg 768w, https:\/\/keroderm.com\/wp-content\/uploads\/2022\/08\/Bild_1920x678px_2.2-1024x362.jpg 1024w, https:\/\/keroderm.com\/wp-content\/uploads\/2022\/08\/Bild_1920x678px_2.2-1536x542.jpg 1536w, https:\/\/keroderm.com\/wp-content\/uploads\/2022\/08\/Bild_1920x678px_2.2.jpg 1920w\" sizes=\"auto, (max-width: 1024px) 100vw, 1024px\" \/><\/figure>\n\n\n\n<p>Non appena la naturale barriera protettiva della pelle viene disturbata, la pelle si secca a causa della fuoriuscita di umidit\u00e0 e viene favorita la penetrazione di sostanze nocive e microrganismi. Le irritazioni cutanee che ne derivano (ad esempio, arrossamenti) spesso causano un fastidioso prurito. Per alleviare il prurito, le aree cutanee stressate devono essere stabilizzate e rigenerate il pi\u00f9 rapidamente possibile.<\/p>\n<\/div><\/details><\/div>\n\n\n\n<div class=\"wp-block-genesis-blocks-gb-accordion gb-slate-accordion gpb-rounded-sm gb-block-accordion gb-font-size-19\"><details><summary class=\"gb-accordion-title\"><em><strong>Pelle infiammata<\/strong><\/em><\/summary><div class=\"gb-accordion-text\">\n<figure class=\"wp-block-image size-large\"><img loading=\"lazy\" decoding=\"async\" width=\"1024\" height=\"362\" src=\"https:\/\/keroderm.com\/wp-content\/uploads\/2022\/08\/Bild_1920x678px_2.3-1024x362.jpg\" alt=\"\" class=\"wp-image-800\" srcset=\"https:\/\/keroderm.com\/wp-content\/uploads\/2022\/08\/Bild_1920x678px_2.3-300x106.jpg 300w, https:\/\/keroderm.com\/wp-content\/uploads\/2022\/08\/Bild_1920x678px_2.3-768x271.jpg 768w, https:\/\/keroderm.com\/wp-content\/uploads\/2022\/08\/Bild_1920x678px_2.3-1024x362.jpg 1024w, https:\/\/keroderm.com\/wp-content\/uploads\/2022\/08\/Bild_1920x678px_2.3-1536x542.jpg 1536w, https:\/\/keroderm.com\/wp-content\/uploads\/2022\/08\/Bild_1920x678px_2.3.jpg 1920w\" sizes=\"auto, (max-width: 1024px) 100vw, 1024px\" \/><\/figure>\n\n\n\n<p>L&#8217;infiammazione della pelle \u00e8 causata da influenze esterne o interne ed \u00e8 l&#8217;espressione del sistema immunitario per riparare il danno. L&#8217;arrossamento della pelle \u00e8 dovuto all&#8217;aumento del flusso sanguigno, il gonfiore \u00e8 espressione della fuoriuscita di liquidi e le squame si formano a causa dell&#8217;accelerazione della crescita cellulare. Sono tutte azioni di riparazione che l&#8217;organismo mette in atto per contrastare l&#8217;infiammazione. L&#8217;apporto di sostanze antinfiammatorie aiuta la pelle a rigenerarsi.<\/p>\n<\/div><\/details><\/div>\n\n\n\n<div class=\"wp-block-genesis-blocks-gb-accordion gb-slate-accordion gpb-rounded-sm gb-block-accordion gb-font-size-19\"><details><summary class=\"gb-accordion-title\"><em><strong>Pelle impura<\/strong><\/em><\/summary><div class=\"gb-accordion-text\">\n<figure class=\"wp-block-image size-large\"><img loading=\"lazy\" decoding=\"async\" width=\"1024\" height=\"362\" src=\"https:\/\/keroderm.com\/wp-content\/uploads\/2022\/08\/Bild_1920x678px_2.4-1024x362.jpg\" alt=\"\" class=\"wp-image-801\" srcset=\"https:\/\/keroderm.com\/wp-content\/uploads\/2022\/08\/Bild_1920x678px_2.4-300x106.jpg 300w, https:\/\/keroderm.com\/wp-content\/uploads\/2022\/08\/Bild_1920x678px_2.4-768x271.jpg 768w, https:\/\/keroderm.com\/wp-content\/uploads\/2022\/08\/Bild_1920x678px_2.4-1024x362.jpg 1024w, https:\/\/keroderm.com\/wp-content\/uploads\/2022\/08\/Bild_1920x678px_2.4-1536x542.jpg 1536w, https:\/\/keroderm.com\/wp-content\/uploads\/2022\/08\/Bild_1920x678px_2.4.jpg 1920w\" sizes=\"auto, (max-width: 1024px) 100vw, 1024px\" \/><\/figure>\n\n\n\n<p><strong>I punti neri <\/strong>(comedoni) si formano a causa dell&#8217;ostruzione dei pori, si trovano appena sotto la superficie della pelle e hanno una testa nera. Il poro diventa nero quando la sua superficie \u00e8 aperta e il sebo accumulato entra in contatto con l&#8217;aria. Anche i brufoli bianchi sono causati da pori ostruiti, ma si trovano completamente sotto la superficie della pelle. Poich\u00e9 non entrano in contatto con l&#8217;aria, sono dello stesso colore della pelle. Le piccole protuberanze possono talvolta essere dolorose. I dermatologi sconsigliano di spremere i punti neri con le dita, poich\u00e9 ci\u00f2 danneggia i pori della pelle e li apre ai batteri, che possono causare infiammazioni. Comedoni multipli e ricorrenti possono costituire un terreno fertile per i brufoli, ma possono anche essere un segno di acne.<\/p>\n\n\n\n<p>Come i punti neri, a causa dell&#8217;ostruzione delle ghiandole sebacee, si sviluppano <strong>i<\/strong> <strong>brufoli<\/strong>. Anche le radici dei capelli fuse possono portare alla formazione di brufoli. Se i comedoni bianchi non si aprono e il sebo non pu\u00f2 fuoriuscire, i batteri si moltiplicano e si diffondono fino a sviluppare un&#8217;infiammazione. I brufoli, chiamati anche pustole, sono spesso rossi e duri e hanno un centro bianco o giallastro. Lo stesso vale per i brufoli: spremerli non aiuta, ma aumenta il rischio di peggiorare l&#8217;infiammazione. \u00c8 invece necessario curare regolarmente le aree cutanee interessate con detergenti delicati e prestare attenzione a una buona igiene. Le pomate all&#8217;ossido di zinco sono un rimedio comprovato per lenire la pelle brufolosa. Attivano il processo di difesa e di guarigione delle aree cutanee infiammate e fanno scomparire pi\u00f9 rapidamente i brufoli. In caso di brufoli ricorrenti e multipli, \u00e8 necessario consultare un dermatologo, perch\u00e9 in questi casi si tratta spesso di acne.<\/p>\n\n\n\n<p><strong>L&#8217;acne <\/strong>\u00e8 una delle malattie della pelle pi\u00f9 comuni. A soffrire di acne sono soprattutto i giovani, ma anche un&#8217;alta percentuale di persone in tutto il mondo deve lottare contro le imperfezioni della pelle. L&#8217;acne \u00e8 solitamente legata a uno squilibrio ormonale o psicologico. L&#8217;infiammazione pu\u00f2 formarsi sia sulla superficie della pelle che sotto la pelle. Il gonfiore pu\u00f2 essere associato a un forte dolore, poich\u00e9 l&#8217;infiammazione pu\u00f2 estendersi agli strati pi\u00f9 profondi del tessuto. I sintomi dell&#8217;acne interessano principalmente il viso (soprattutto la fronte e il mento) e talvolta il d\u00e9collet\u00e9, il petto, le spalle o la schiena. A seconda della gravit\u00e0 e dei sintomi, esistono diversi tipi di acne. Con una terapia tempestiva e corretta, la malattia pu\u00f2 essere generalmente trattata bene.<\/p>\n<\/div><\/details><\/div>\n\n\n\n<div class=\"wp-block-genesis-blocks-gb-accordion gb-slate-accordion gpb-rounded-sm gb-block-accordion gb-font-size-19\"><details><summary class=\"gb-accordion-title\"><em><strong>Arrossamento da pannolino (ad es. dolore al sederino)<\/strong><\/em><\/summary><div class=\"gb-accordion-text\">\n<figure class=\"wp-block-image size-large\"><img loading=\"lazy\" decoding=\"async\" width=\"1024\" height=\"362\" src=\"https:\/\/keroderm.com\/wp-content\/uploads\/2022\/08\/Bild_1920x678px_2.5-1024x362.jpg\" alt=\"\" class=\"wp-image-802\" srcset=\"https:\/\/keroderm.com\/wp-content\/uploads\/2022\/08\/Bild_1920x678px_2.5-300x106.jpg 300w, https:\/\/keroderm.com\/wp-content\/uploads\/2022\/08\/Bild_1920x678px_2.5-768x271.jpg 768w, https:\/\/keroderm.com\/wp-content\/uploads\/2022\/08\/Bild_1920x678px_2.5-1024x362.jpg 1024w, https:\/\/keroderm.com\/wp-content\/uploads\/2022\/08\/Bild_1920x678px_2.5-1536x542.jpg 1536w, https:\/\/keroderm.com\/wp-content\/uploads\/2022\/08\/Bild_1920x678px_2.5.jpg 1920w\" sizes=\"auto, (max-width: 1024px) 100vw, 1024px\" \/><\/figure>\n\n\n\n<p>I bambini che indossano il pannolino soffrono spesso di dolore al sederino (dermatite da pannolino). Sulla pelle delicata del bambino compaiono aree arrossate e piccole piaghe, causate dagli acidi dell&#8217;urina e dei movimenti intestinali, che talvolta si estendono all&#8217;area genitale e all&#8217;inguine. L&#8217;accumulo di umidit\u00e0 crea un clima caldo e umido che ammorbidisce la pelle del bambino e attacca la naturale funzione di barriera, rendendo la pelle stressata suscettibile a batteri e funghi. Un unguento rigenerante lenisce le aree cutanee stressate, ha un effetto antibatterico e dona un adeguato sollievo.<\/p>\n<\/div><\/details><\/div>\n\n\n\n<div class=\"wp-block-genesis-blocks-gb-accordion gb-slate-accordion gpb-rounded-sm gb-block-accordion gb-font-size-19\"><details><summary class=\"gb-accordion-title\"><em><strong>Labbra secche e screpolate<\/strong><\/em><\/summary><div class=\"gb-accordion-text\">\n<figure class=\"wp-block-image size-large\"><img loading=\"lazy\" decoding=\"async\" width=\"1024\" height=\"362\" src=\"https:\/\/keroderm.com\/wp-content\/uploads\/2022\/08\/Bild_1920x678px_2.6-1024x362.jpg\" alt=\"\" class=\"wp-image-803\" srcset=\"https:\/\/keroderm.com\/wp-content\/uploads\/2022\/08\/Bild_1920x678px_2.6-300x106.jpg 300w, https:\/\/keroderm.com\/wp-content\/uploads\/2022\/08\/Bild_1920x678px_2.6-768x271.jpg 768w, https:\/\/keroderm.com\/wp-content\/uploads\/2022\/08\/Bild_1920x678px_2.6-1024x362.jpg 1024w, https:\/\/keroderm.com\/wp-content\/uploads\/2022\/08\/Bild_1920x678px_2.6-1536x542.jpg 1536w, https:\/\/keroderm.com\/wp-content\/uploads\/2022\/08\/Bild_1920x678px_2.6.jpg 1920w\" sizes=\"auto, (max-width: 1024px) 100vw, 1024px\" \/><\/figure>\n\n\n\n<p>Le labbra secche e screpolate sono causate da una mancanza di idratazione. L&#8217;idratazione con la saliva \u00e8 utile solo a breve termine, poich\u00e9 questa evapora rapidamente e l&#8217;idratazione aggiuntiva viene cos\u00ec sottratta fino a quando la pelle sensibile delle labbra si screpola. I rossetti nutrienti aiutano a prevenire questo problema. Se le fessure sono comparse per la prima volta, soprattutto agli angoli della bocca, \u00e8 consigliabile utilizzare una pomata rigenerante con sostanze che inibiscono i batteri per accelerare la formazione di nuovo tessuto.<\/p>\n<\/div><\/details><\/div>\n\n\n\n<div class=\"wp-block-genesis-blocks-gb-accordion gb-slate-accordion gpb-rounded-sm gb-block-accordion gb-font-size-19\"><details><summary class=\"gb-accordion-title\"><em><strong>L\u2019herpes labiale (vesciche da febbre)<\/strong><\/em><\/summary><div class=\"gb-accordion-text\">\n<figure class=\"wp-block-image size-large\"><img loading=\"lazy\" decoding=\"async\" width=\"1024\" height=\"362\" src=\"https:\/\/keroderm.com\/wp-content\/uploads\/2022\/08\/Bild_1920x678px_2.7-1024x362.jpg\" alt=\"\" class=\"wp-image-804\" srcset=\"https:\/\/keroderm.com\/wp-content\/uploads\/2022\/08\/Bild_1920x678px_2.7-300x106.jpg 300w, https:\/\/keroderm.com\/wp-content\/uploads\/2022\/08\/Bild_1920x678px_2.7-768x271.jpg 768w, https:\/\/keroderm.com\/wp-content\/uploads\/2022\/08\/Bild_1920x678px_2.7-1024x362.jpg 1024w, https:\/\/keroderm.com\/wp-content\/uploads\/2022\/08\/Bild_1920x678px_2.7-1536x542.jpg 1536w, https:\/\/keroderm.com\/wp-content\/uploads\/2022\/08\/Bild_1920x678px_2.7.jpg 1920w\" sizes=\"auto, (max-width: 1024px) 100vw, 1024px\" \/><\/figure>\n\n\n\n<p>L&#8217;herpes labiale \u00e8 una variante comune e contagiosa del virus che si porta nel corpo per tutta la vita. I virus dell&#8217;herpes possono riattivarsi in qualsiasi momento e causare un nuovo focolaio. Le vesciche dolorose e pruriginose intorno al labbro e al naso si sviluppano spesso in caso di stress mentale o fisico. Un&#8217;evidente sensazione di irrigidimento o di formicolio sull&#8217;area cutanea colpita \u00e8 di solito considerata un chiaro indizio dello sviluppo di una nuova malattia da raffreddamento. Quanto pi\u00f9 precocemente si combatte l&#8217;epidemia, tanto pi\u00f9 velocemente la si pu\u00f2 fermare. Gli unguenti allo zinco promettono un buon effetto.<\/p>\n<\/div><\/details><\/div>\n\n\n\n<div class=\"wp-block-genesis-blocks-gb-accordion gb-slate-accordion gpb-rounded-sm gb-block-accordion gb-font-size-19\"><details><summary class=\"gb-accordion-title\"><strong><em>Problemi cutanei legati all&#8217;et\u00e0<\/em><\/strong><\/summary><div class=\"gb-accordion-text\">\n<figure class=\"wp-block-image size-large\"><img loading=\"lazy\" decoding=\"async\" width=\"1024\" height=\"362\" src=\"https:\/\/keroderm.com\/wp-content\/uploads\/2022\/08\/Bild_1920x678px_2.8-1024x362.jpg\" alt=\"\" class=\"wp-image-805\" srcset=\"https:\/\/keroderm.com\/wp-content\/uploads\/2022\/08\/Bild_1920x678px_2.8-300x106.jpg 300w, https:\/\/keroderm.com\/wp-content\/uploads\/2022\/08\/Bild_1920x678px_2.8-768x271.jpg 768w, https:\/\/keroderm.com\/wp-content\/uploads\/2022\/08\/Bild_1920x678px_2.8-1024x362.jpg 1024w, https:\/\/keroderm.com\/wp-content\/uploads\/2022\/08\/Bild_1920x678px_2.8-1536x542.jpg 1536w, https:\/\/keroderm.com\/wp-content\/uploads\/2022\/08\/Bild_1920x678px_2.8.jpg 1920w\" sizes=\"auto, (max-width: 1024px) 100vw, 1024px\" \/><\/figure>\n\n\n\n<p>Con l&#8217;et\u00e0, la pelle diventa pi\u00f9 sottile, flaccida, rugosa e secca. La produzione di lipidi protettivi della pelle diminuisce, la circolazione sanguigna e quindi l&#8217;alimentazione della pelle si riducono, con la conseguenza che la funzione di barriera naturale della pelle diminuisce e quindi diventa pi\u00f9 vulnerabile e suscettibile alle infezioni. Le creme e le lozioni idratanti prevengono le infezioni e hanno un effetto preventivo. Per la detersione si devono usare sostanze delicate e a pH neutro. Inoltre, il naturale processo di rigenerazione della pelle, soprattutto in caso di piccole lesioni superficiali e irritazioni cutanee, dovrebbe essere supportato da prodotti appropriati, in modo che la rigenerazione dei tessuti proceda pi\u00f9 rapidamente.<\/p>\n<\/div><\/details><\/div>\n\n\n\n<div class=\"wp-block-genesis-blocks-gb-accordion gb-slate-accordion gpb-rounded-sm gb-block-accordion gb-font-size-19\"><details><summary class=\"gb-accordion-title\"><strong><em>Pelle dolorante nella zona intima (solo per uso esterno!)<\/em><\/strong><\/summary><div class=\"gb-accordion-text\">\n<figure class=\"wp-block-image size-large\"><img loading=\"lazy\" decoding=\"async\" width=\"1024\" height=\"362\" src=\"https:\/\/keroderm.com\/wp-content\/uploads\/2022\/08\/Bild_1920x678px_2.9-1024x362.jpg\" alt=\"\" class=\"wp-image-806\" srcset=\"https:\/\/keroderm.com\/wp-content\/uploads\/2022\/08\/Bild_1920x678px_2.9-300x106.jpg 300w, https:\/\/keroderm.com\/wp-content\/uploads\/2022\/08\/Bild_1920x678px_2.9-768x271.jpg 768w, https:\/\/keroderm.com\/wp-content\/uploads\/2022\/08\/Bild_1920x678px_2.9-1024x362.jpg 1024w, https:\/\/keroderm.com\/wp-content\/uploads\/2022\/08\/Bild_1920x678px_2.9-1536x542.jpg 1536w, https:\/\/keroderm.com\/wp-content\/uploads\/2022\/08\/Bild_1920x678px_2.9.jpg 1920w\" sizes=\"auto, (max-width: 1024px) 100vw, 1024px\" \/><\/figure>\n\n\n\n<p>Lievi infiammazioni e piccole ferite nella zona anale e genitale esterna sono causate da motivi diversi. Gli unguenti con ossido di zinco e sostanze antibatteriche hanno un effetto antinfiammatorio e favoriscono la rigenerazione della pelle. Inoltre, l&#8217;umidit\u00e0 della pelle viene legata, impedendo un ulteriore ammorbidimento e riducendo la penetrazione di agenti patogeni. Ulteriori disturbi o disturbi interni devono assolutamente essere valutati e trattati da un medico.<\/p>\n<\/div><\/details><\/div>\n<\/div><\/div>\n<\/div><\/div>\n","protected":false},"excerpt":{"rendered":"","protected":false},"author":3,"featured_media":0,"parent":0,"menu_order":0,"comment_status":"closed","ping_status":"closed","template":"","meta":{"_acf_changed":false,"inline_featured_image":false,"_genesis_hide_title":false,"_genesis_hide_breadcrumbs":false,"_genesis_hide_singular_image":false,"_genesis_hide_footer_widgets":false,"_genesis_custom_body_class":"","_genesis_custom_post_class":"","_genesis_layout":"","footnotes":""},"class_list":{"1":"page","2":"type-page","5":"entry"},"featured_image_src":null,"featured_image_src_square":null,"acf":[],"_links":{"self":[{"href":"https:\/\/keroderm.com\/it\/wp-json\/wp\/v2\/pages\/1110","targetHints":{"allow":["GET"]}}],"collection":[{"href":"https:\/\/keroderm.com\/it\/wp-json\/wp\/v2\/pages"}],"about":[{"href":"https:\/\/keroderm.com\/it\/wp-json\/wp\/v2\/types\/page"}],"author":[{"embeddable":true,"href":"https:\/\/keroderm.com\/it\/wp-json\/wp\/v2\/users\/3"}],"replies":[{"embeddable":true,"href":"https:\/\/keroderm.com\/it\/wp-json\/wp\/v2\/comments?post=1110"}],"version-history":[{"count":0,"href":"https:\/\/keroderm.com\/it\/wp-json\/wp\/v2\/pages\/1110\/revisions"}],"wp:attachment":[{"href":"https:\/\/keroderm.com\/it\/wp-json\/wp\/v2\/media?parent=1110"}],"curies":[{"name":"wp","href":"https:\/\/api.w.org\/{rel}","templated":true}]}}