{"id":1111,"date":"2022-07-22T11:42:04","date_gmt":"2022-07-22T09:42:04","guid":{"rendered":"https:\/\/keroderm.com\/?page_id=1111"},"modified":"2023-02-02T10:01:24","modified_gmt":"2023-02-02T09:01:24","slug":"ferite","status":"publish","type":"page","link":"https:\/\/keroderm.com\/it\/ferite\/","title":{"rendered":"Ferite"},"content":{"rendered":"\n<div class=\"wp-block-genesis-blocks-gb-columns gb-slate-section-accordion-and-text gb-slate-section-text-accordion gb-layout-columns-2 gb-2-col-equal gb-has-custom-background-color gb-has-custom-text-color gb-columns-center alignfull\" style=\"padding-top:3em;padding-right:1em;padding-bottom:6em;padding-left:1em;background-color:#ffffff;color:#1f1f1f\"><div class=\"gb-layout-column-wrap gb-block-layout-column-gap-2 gb-is-responsive-column\" style=\"max-width:1200px\">\n<div class=\"wp-block-genesis-blocks-gb-column gb-block-layout-column\"><div class=\"gb-block-layout-column-inner\">\n<h1 class=\"has-xxxxl-font-size wp-block-heading\"><strong>Trattare le ferite con Keroderm<sup>\u00ae<\/sup><\/strong><\/h1>\n\n\n\n<p>Keroderm<sup>\u00ae<\/sup> \u00e8 adatto al trattamento di ferite piccole e superficiali. I principi attivi che inibiscono i batteri, nutrono e formano i tessuti favoriscono la naturale capacit\u00e0 di rigenerazione della pelle. L&#8217;unguento \u00e8 inoltre caratterizzato da un&#8217;ottima formazione del film protettivo e da eccellenti propriet\u00e0 idratanti.<\/p>\n\n\n\n<div class=\"wp-block-buttons is-layout-flex wp-block-buttons-is-layout-flex\">\n<div class=\"wp-block-button--1\"><a class=\"wp-block-button__link button button-outline wp-element-button\" href=\"https:\/\/keroderm.com\/it\/diventare-un-partner-di-vendita\/\">Diventare un partner di vendita<\/a><\/div>\n<\/div>\n<\/div><\/div>\n\n\n\n<div class=\"wp-block-genesis-blocks-gb-column gb-block-layout-column\"><div class=\"gb-block-layout-column-inner\">\n<div style=\"height:40px\" aria-hidden=\"true\" class=\"wp-block-spacer\"><\/div>\n\n\n\n<div class=\"wp-block-genesis-blocks-gb-accordion gb-slate-accordion gpb-rounded-sm gb-block-accordion gb-font-size-19\"><details><summary class=\"gb-accordion-title\"><em><strong>Ferite da tagli<\/strong><\/em><\/summary><div class=\"gb-accordion-text\">\n<figure class=\"wp-block-image size-large is-style-default\"><img loading=\"lazy\" decoding=\"async\" width=\"1024\" height=\"362\" src=\"https:\/\/keroderm.com\/wp-content\/uploads\/2022\/08\/Bild_1920x678px_1.1-1024x362.jpg\" alt=\"\" class=\"wp-image-788\" srcset=\"https:\/\/keroderm.com\/wp-content\/uploads\/2022\/08\/Bild_1920x678px_1.1-300x106.jpg 300w, https:\/\/keroderm.com\/wp-content\/uploads\/2022\/08\/Bild_1920x678px_1.1-768x271.jpg 768w, https:\/\/keroderm.com\/wp-content\/uploads\/2022\/08\/Bild_1920x678px_1.1-1024x362.jpg 1024w, https:\/\/keroderm.com\/wp-content\/uploads\/2022\/08\/Bild_1920x678px_1.1-1536x542.jpg 1536w, https:\/\/keroderm.com\/wp-content\/uploads\/2022\/08\/Bild_1920x678px_1.1.jpg 1920w\" sizes=\"auto, (max-width: 1024px) 100vw, 1024px\" \/><\/figure>\n\n\n\n<p>I tagli sono causati principalmente da oggetti appuntiti. I tagli pi\u00f9 comuni sono causati da vetri rotti, utensili, carta, lame di rasoio, coltelli o utensili da cucina.<\/p>\n\n\n\n<p>I tagli non particolarmente profondi feriscono principalmente gli strati superiori della pelle. Se viene leso un vaso sanguigno sotto l&#8217;epidermide, si verifica una forte emorragia. In generale, i tagli minori non sono pericolosi. Anche se il sanguinamento \u00e8 sgradevole e sembra minaccioso, serve a pulire la ferita in modo naturale e a prevenire eventuali infezioni causate da batteri penetrati nella pelle.<\/p>\n\n\n\n<p>In caso di ferite molto profonde, \u00e8 necessario consultare un medico e suturare la ferita.<\/p>\n<\/div><\/details><\/div>\n\n\n\n<div class=\"wp-block-genesis-blocks-gb-accordion gb-slate-accordion gpb-rounded-sm gb-block-accordion gb-font-size-19\"><details><summary class=\"gb-accordion-title\"><em><strong>Ferite da graffio<\/strong><\/em><\/summary><div class=\"gb-accordion-text\">\n<figure class=\"wp-block-image size-large\"><img loading=\"lazy\" decoding=\"async\" width=\"1024\" height=\"362\" src=\"https:\/\/keroderm.com\/wp-content\/uploads\/2022\/08\/Bild_1920x678px_1.2-1024x362.jpg\" alt=\"\" class=\"wp-image-789\" srcset=\"https:\/\/keroderm.com\/wp-content\/uploads\/2022\/08\/Bild_1920x678px_1.2-300x106.jpg 300w, https:\/\/keroderm.com\/wp-content\/uploads\/2022\/08\/Bild_1920x678px_1.2-768x271.jpg 768w, https:\/\/keroderm.com\/wp-content\/uploads\/2022\/08\/Bild_1920x678px_1.2-1024x362.jpg 1024w, https:\/\/keroderm.com\/wp-content\/uploads\/2022\/08\/Bild_1920x678px_1.2-1536x542.jpg 1536w, https:\/\/keroderm.com\/wp-content\/uploads\/2022\/08\/Bild_1920x678px_1.2.jpg 1920w\" sizes=\"auto, (max-width: 1024px) 100vw, 1024px\" \/><\/figure>\n\n\n\n<p>Le ferite da graffio sono solitamente causate da spine e aculei di piante, artigli o unghie e sono simili a lacerazioni o tagli. Le ferite da graffio possono essere causate anche dal grattarsi frequentemente, a causa del prurito. La pressione sul tessuto provoca una lacerazione superficiale della pelle e la ferita pu\u00f2 avere dimensioni variabili, a seconda della causa.<\/p>\n\n\n\n<p>Le ferite da graffio sono spesso ferite superficiali che sanguinano solo leggermente o moderatamente, ma causano un lieve dolore o una sgradevole sensazione di bruciore. Quando i vasi sanguigni lesionati si contraggono, il sangue inizia a coagulare e si forma una crosta.<\/p>\n<\/div><\/details><\/div>\n\n\n\n<div class=\"wp-block-genesis-blocks-gb-accordion gb-slate-accordion gpb-rounded-sm gb-block-accordion gb-font-size-19\"><details><summary class=\"gb-accordion-title\"><em><strong>Abrasioni<\/strong><\/em><\/summary><div class=\"gb-accordion-text\">\n<figure class=\"wp-block-image size-full\"><img loading=\"lazy\" decoding=\"async\" width=\"1920\" height=\"678\" src=\"https:\/\/keroderm.com\/wp-content\/uploads\/2022\/08\/Bild_1920x678px_1.3.jpg\" alt=\"\" class=\"wp-image-790\" srcset=\"https:\/\/keroderm.com\/wp-content\/uploads\/2022\/08\/Bild_1920x678px_1.3-300x106.jpg 300w, https:\/\/keroderm.com\/wp-content\/uploads\/2022\/08\/Bild_1920x678px_1.3-768x271.jpg 768w, https:\/\/keroderm.com\/wp-content\/uploads\/2022\/08\/Bild_1920x678px_1.3-1024x362.jpg 1024w, https:\/\/keroderm.com\/wp-content\/uploads\/2022\/08\/Bild_1920x678px_1.3-1536x542.jpg 1536w, https:\/\/keroderm.com\/wp-content\/uploads\/2022\/08\/Bild_1920x678px_1.3.jpg 1920w\" sizes=\"auto, (max-width: 1920px) 100vw, 1920px\" \/><\/figure>\n\n\n\n<p>Le abrasioni sono tra le lesioni quotidiane pi\u00f9 comuni. Particolarmente colpiti sono i bambini e gli adolescenti, che possono facilmente procurarsi abrasioni a causa dello sfregamento su superfici ruvide mentre giocano o fanno sport all&#8217;aperto. Particolarmente colpiti sono le ginocchia, i palmi delle mani, i gomiti e il viso.<\/p>\n\n\n\n<p>Le abrasioni sono ferite in cui viene danneggiato solo lo strato superiore della pelle (epidermide). Poich\u00e9 in questo strato di pelle non ci sono vasi sanguigni, l&#8217;abrasione non sanguina. Se si verifica un&#8217;emorragia, significa che il derma sottostante l&#8217;epidermide \u00e8 stato danneggiato, il che pu\u00f2 portare a un&#8217;infezione. Per questo motivo, le abrasioni devono essere trattate in ogni caso. In genere, le abrasioni guariscono rapidamente e raramente lasciano cicatrici.<\/p>\n<\/div><\/details><\/div>\n\n\n\n<div class=\"wp-block-genesis-blocks-gb-accordion gb-slate-accordion gpb-rounded-sm gb-block-accordion gb-font-size-19\"><details><summary class=\"gb-accordion-title\"><em><strong>Fessure<\/strong><\/em><\/summary><div class=\"gb-accordion-text\">\n<figure class=\"wp-block-image size-large\"><img loading=\"lazy\" decoding=\"async\" width=\"1024\" height=\"362\" src=\"https:\/\/keroderm.com\/wp-content\/uploads\/2022\/08\/Bild_1920x678px_1.4-1024x362.jpg\" alt=\"\" class=\"wp-image-791\" srcset=\"https:\/\/keroderm.com\/wp-content\/uploads\/2022\/08\/Bild_1920x678px_1.4-300x106.jpg 300w, https:\/\/keroderm.com\/wp-content\/uploads\/2022\/08\/Bild_1920x678px_1.4-768x271.jpg 768w, https:\/\/keroderm.com\/wp-content\/uploads\/2022\/08\/Bild_1920x678px_1.4-1024x362.jpg 1024w, https:\/\/keroderm.com\/wp-content\/uploads\/2022\/08\/Bild_1920x678px_1.4-1536x542.jpg 1536w, https:\/\/keroderm.com\/wp-content\/uploads\/2022\/08\/Bild_1920x678px_1.4.jpg 1920w\" sizes=\"auto, (max-width: 1024px) 100vw, 1024px\" \/><\/figure>\n\n\n\n<p>L&#8217;elasticit\u00e0 della pelle pu\u00f2 essere ridotta dal freddo, dalla secchezza o dall&#8217;uso intenso. Soprattutto sulle mani e sui piedi, il tessuto pu\u00f2 aprirsi e compaiono crepe o solchi nella pelle, le cosiddette fessure. Le antiestetiche fessure non solo disturbano la sensazione estetica, ma anche la naturale funzione di barriera dell&#8217;epidermide. Questo danno favorisce la penetrazione di sostanze nocive negli strati inferiori della pelle e pu\u00f2 portare a infezioni, che possono prudere, bruciare o addirittura sanguinare. In caso di infiammazione, \u00e8 indispensabile rivolgersi a un medico.<\/p>\n<\/div><\/details><\/div>\n\n\n\n<div class=\"wp-block-genesis-blocks-gb-accordion gb-slate-accordion gpb-rounded-sm gb-block-accordion gb-font-size-19\"><details><summary class=\"gb-accordion-title\"><em><strong>Vesciche<\/strong><\/em><\/summary><div class=\"gb-accordion-text\">\n<figure class=\"wp-block-image size-large\"><img loading=\"lazy\" decoding=\"async\" width=\"1024\" height=\"362\" src=\"https:\/\/keroderm.com\/wp-content\/uploads\/2022\/08\/Bild_1920x678px_1.5-1024x362.jpg\" alt=\"\" class=\"wp-image-792\" srcset=\"https:\/\/keroderm.com\/wp-content\/uploads\/2022\/08\/Bild_1920x678px_1.5-300x106.jpg 300w, https:\/\/keroderm.com\/wp-content\/uploads\/2022\/08\/Bild_1920x678px_1.5-768x271.jpg 768w, https:\/\/keroderm.com\/wp-content\/uploads\/2022\/08\/Bild_1920x678px_1.5-1024x362.jpg 1024w, https:\/\/keroderm.com\/wp-content\/uploads\/2022\/08\/Bild_1920x678px_1.5-1536x542.jpg 1536w, https:\/\/keroderm.com\/wp-content\/uploads\/2022\/08\/Bild_1920x678px_1.5.jpg 1920w\" sizes=\"auto, (max-width: 1024px) 100vw, 1024px\" \/><\/figure>\n\n\n\n<p>Le vesciche sono spesso causate da scarpe nuove o dall&#8217;uso non abituale di uno strumento. Di solito si manifestano sui piedi o sulle mani. Quando una parte della pelle \u00e8 sottoposta a un forte attrito e lo strato superiore della pelle spinge contro quello inferiore, si crea una cavit\u00e0 nel mezzo che si riempie di acqua nel tessuto.<\/p>\n\n\n\n<p>Se si avverte una vescica, di solito \u00e8 gi\u00e0 troppo tardi e il dolore bruciante che ne deriva rende impossibile continuare l&#8217;attivit\u00e0 che l&#8217;ha provocata. Solo quando la cornea si sviluppa nelle aree colpite si impedisce la formazione di ulteriori vesciche.<\/p>\n\n\n\n<p>Poich\u00e9 le vesciche aperte corrono il rischio di entrare in contatto con i germi, \u00e8 essenziale disinfettarle prima di trattarle con una pomata rigenerante.<\/p>\n<\/div><\/details><\/div>\n<\/div><\/div>\n<\/div><\/div>\n","protected":false},"excerpt":{"rendered":"","protected":false},"author":3,"featured_media":0,"parent":0,"menu_order":0,"comment_status":"closed","ping_status":"closed","template":"","meta":{"_acf_changed":false,"inline_featured_image":false,"_genesis_hide_title":false,"_genesis_hide_breadcrumbs":false,"_genesis_hide_singular_image":false,"_genesis_hide_footer_widgets":false,"_genesis_custom_body_class":"","_genesis_custom_post_class":"","_genesis_layout":"","footnotes":""},"class_list":{"1":"page","2":"type-page","5":"entry"},"featured_image_src":null,"featured_image_src_square":null,"acf":[],"_links":{"self":[{"href":"https:\/\/keroderm.com\/it\/wp-json\/wp\/v2\/pages\/1111","targetHints":{"allow":["GET"]}}],"collection":[{"href":"https:\/\/keroderm.com\/it\/wp-json\/wp\/v2\/pages"}],"about":[{"href":"https:\/\/keroderm.com\/it\/wp-json\/wp\/v2\/types\/page"}],"author":[{"embeddable":true,"href":"https:\/\/keroderm.com\/it\/wp-json\/wp\/v2\/users\/3"}],"replies":[{"embeddable":true,"href":"https:\/\/keroderm.com\/it\/wp-json\/wp\/v2\/comments?post=1111"}],"version-history":[{"count":0,"href":"https:\/\/keroderm.com\/it\/wp-json\/wp\/v2\/pages\/1111\/revisions"}],"wp:attachment":[{"href":"https:\/\/keroderm.com\/it\/wp-json\/wp\/v2\/media?parent=1111"}],"curies":[{"name":"wp","href":"https:\/\/api.w.org\/{rel}","templated":true}]}}